{"id":5110,"date":"2023-09-08T15:45:41","date_gmt":"2023-09-08T13:45:41","guid":{"rendered":"https:\/\/avocat-lbv.com\/marie-yschard\/"},"modified":"2026-01-16T11:46:52","modified_gmt":"2026-01-16T10:46:52","slug":"marie-yschard","status":"publish","type":"page","link":"https:\/\/avocat-lbv.com\/it\/marie-yschard\/","title":{"rendered":"Marie Yschard"},"content":{"rendered":"\n<div style=\"background-color:#29235c\" class=\"wp-block-genesis-blocks-gb-container header gb-block-container\"><div class=\"gb-container-inside\"><div class=\"gb-container-image-wrap\"><img decoding=\"async\" class=\"gb-container-image has-background-dim\" object-fit=\"cover\"  src=\"https:\/\/avocat-lbv.com\/wp-content\/uploads\/2019\/04\/avocat.jpg\" alt=\"Micka\u00ebl Le Borloch est avocat au Barreau de Rouen et Docteur en droit.\"\/><\/div><div class=\"gb-container-content\" style=\"max-width:1600px\">\n<h1 class=\"wp-block-heading\">Marie Yschard<\/h1>\n\n\n\n<p><\/p>\n<\/div><\/div><\/div>\n\n\n\n<div class=\"wp-block-genesis-blocks-gb-container bg-grey gb-block-container\"><div class=\"gb-container-inside\"><div class=\"gb-container-content\" style=\"max-width:1600px\">\n<div class=\"wp-block-columns has-2-columns is-layout-flex wp-container-core-columns-is-layout-9d6595d7 wp-block-columns-is-layout-flex\">\n<div class=\"wp-block-column is-layout-flow wp-block-column-is-layout-flow\">\n<p>Marie Yschard \u00e8 un&#8217;avvocatessa entusiasta e impegnata, pronta ad accompagnarti nelle tue sfide legali. Il suo background accademico variegato e la sua curiosit\u00e0 intellettuale le permettono di portare una prospettiva unica ai suoi clienti.<\/p>\n\n\n\n<p>Dopo aver conseguito la laurea in Giurisprudenza presso l&#8217;Universit\u00e0 di Rouen, Marie ha approfondito i suoi studi specializzandosi in Diritto Europeo e Internazionale durante il suo Master presso l&#8217;Universit\u00e0 Carlo di Praga. Tornata in Francia, si \u00e8 concentrata sul diritto aziendale, ottenendo un Master in Diritto del Lavoro e della Sicurezza Sociale presso l&#8217;Universit\u00e0 di Rouen.<\/p>\n\n\n\n<p>Marie consiglia sia le aziende che i dipendenti, mirando alla risoluzione dei conflitti e alla difesa dei diritti di tutti. Li sostiene con genuina empatia e una determinazione incrollabile nel difendere i loro diritti e proteggere i loro interessi.<\/p>\n\n\n\n<p>Oltre alla sua pratica legale, Marie Yschard ha una passione per la musica e la letteratura classica, che l&#8217;ha portata a conseguire un Master in Lettere Classiche presso l&#8217;Universit\u00e0 di Rouen. Il suo interesse per la civilt\u00e0 romana si riflette nel suo lavoro accademico, in particolare in un articolo pubblicato nei Cahiers de philosophie du droit di Dalloz, dove esplora la nobilt\u00e0 dell&#8217;avvocato a Roma secondo Plinio il Giovane. \u00c8 anche violinista e si \u00e8 unita all&#8217;orchestra dell&#8217;Ospedale Universitario di Rouen.<\/p>\n\n\n\n<p>Marie combina cos\u00ec la sua competenza legale con la sua sensibilit\u00e0 artistica e culturale, offrendo ai suoi clienti un approccio arricchito e multidisciplinare. Con Marie al tuo fianco, beneficerai di un supporto umano e professionale per superare le tue sfide legali con fiducia e serenit\u00e0.<\/p>\n<\/div>\n\n\n\n<div class=\"wp-block-column is-layout-flow wp-block-column-is-layout-flow\">\n<figure class=\"wp-block-image size-full\"><img loading=\"lazy\" decoding=\"async\" width=\"1703\" height=\"2560\" src=\"https:\/\/avocat-lbv.com\/wp-content\/uploads\/2023\/09\/LBV-Avocats-portraits-12-scaled.jpg\" alt=\"\" class=\"wp-image-4283\" srcset=\"https:\/\/avocat-lbv.com\/wp-content\/uploads\/2023\/09\/LBV-Avocats-portraits-12-scaled.jpg 1703w, https:\/\/avocat-lbv.com\/wp-content\/uploads\/2023\/09\/LBV-Avocats-portraits-12-200x300.jpg 200w, https:\/\/avocat-lbv.com\/wp-content\/uploads\/2023\/09\/LBV-Avocats-portraits-12-681x1024.jpg 681w, https:\/\/avocat-lbv.com\/wp-content\/uploads\/2023\/09\/LBV-Avocats-portraits-12-768x1154.jpg 768w, https:\/\/avocat-lbv.com\/wp-content\/uploads\/2023\/09\/LBV-Avocats-portraits-12-1022x1536.jpg 1022w, https:\/\/avocat-lbv.com\/wp-content\/uploads\/2023\/09\/LBV-Avocats-portraits-12-1363x2048.jpg 1363w\" sizes=\"auto, (max-width: 1703px) 100vw, 1703px\" \/><\/figure>\n<\/div>\n<\/div>\n<\/div><\/div><\/div>\n","protected":false},"excerpt":{"rendered":"","protected":false},"author":7,"featured_media":0,"parent":0,"menu_order":0,"comment_status":"closed","ping_status":"closed","template":"","meta":{"footnotes":""},"class_list":["post-5110","page","type-page","status-publish","hentry"],"yoast_head":"<!-- This site is optimized with the Yoast SEO plugin v27.2 - https:\/\/yoast.com\/product\/yoast-seo-wordpress\/ -->\n<title>Micka\u00ebl Le Borloch, avocat Barreau de Rouen &amp; Docteur en droit\u00a0<\/title>\n<meta name=\"description\" content=\"Apr\u00e8s avoir obtenu sa licence de droit \u00e0 l\u2019Universit\u00e9 La Sapienza \u00e0 Rome et sa licence d\u2019anglais en France, puis s\u2019\u00eatre dipl\u00f4m\u00e9 du Master 2\" \/>\n<meta name=\"robots\" content=\"index, follow, max-snippet:-1, max-image-preview:large, max-video-preview:-1\" \/>\n<link rel=\"canonical\" href=\"https:\/\/avocat-lbv.com\/it\/marie-yschard\/\" \/>\n<meta property=\"og:locale\" content=\"it_IT\" \/>\n<meta property=\"og:type\" content=\"article\" \/>\n<meta property=\"og:title\" content=\"Micka\u00ebl Le Borloch, avocat Barreau de Rouen &amp; Docteur en droit\u00a0\" \/>\n<meta property=\"og:description\" content=\"Apr\u00e8s avoir obtenu sa licence de droit \u00e0 l\u2019Universit\u00e9 La Sapienza \u00e0 Rome et sa licence d\u2019anglais en France, puis s\u2019\u00eatre dipl\u00f4m\u00e9 du Master 2\" \/>\n<meta property=\"og:url\" content=\"https:\/\/avocat-lbv.com\/it\/marie-yschard\/\" \/>\n<meta property=\"og:site_name\" content=\"LBV Avocat\" \/>\n<meta property=\"article:publisher\" content=\"https:\/\/www.facebook.com\/avocatLBV\/\" \/>\n<meta property=\"article:modified_time\" content=\"2026-01-16T10:46:52+00:00\" \/>\n<meta property=\"og:image\" content=\"https:\/\/avocat-lbv.com\/wp-content\/uploads\/2019\/04\/avocat.jpg\" \/>\n<meta name=\"twitter:card\" content=\"summary_large_image\" \/>\n<meta name=\"twitter:site\" content=\"@CabinetLBV\" \/>\n<meta name=\"twitter:label1\" content=\"Tempo di lettura stimato\" \/>\n\t<meta name=\"twitter:data1\" content=\"2 minuti\" \/>\n<script type=\"application\/ld+json\" class=\"yoast-schema-graph\">{\"@context\":\"https:\/\/schema.org\",\"@graph\":[{\"@type\":\"WebPage\",\"@id\":\"https:\/\/avocat-lbv.com\/it\/marie-yschard\/\",\"url\":\"https:\/\/avocat-lbv.com\/it\/marie-yschard\/\",\"name\":\"Micka\u00ebl Le Borloch, avocat Barreau de Rouen & Docteur en droit\u00a0\",\"isPartOf\":{\"@id\":\"https:\/\/avocat-lbv.com\/#website\"},\"primaryImageOfPage\":{\"@id\":\"https:\/\/avocat-lbv.com\/it\/marie-yschard\/#primaryimage\"},\"image\":{\"@id\":\"https:\/\/avocat-lbv.com\/it\/marie-yschard\/#primaryimage\"},\"thumbnailUrl\":\"https:\/\/avocat-lbv.com\/wp-content\/uploads\/2019\/04\/avocat.jpg\",\"datePublished\":\"2023-09-08T13:45:41+00:00\",\"dateModified\":\"2026-01-16T10:46:52+00:00\",\"description\":\"Apr\u00e8s avoir obtenu sa licence de droit \u00e0 l\u2019Universit\u00e9 La Sapienza \u00e0 Rome et sa licence d\u2019anglais en France, puis s\u2019\u00eatre dipl\u00f4m\u00e9 du Master 2\",\"breadcrumb\":{\"@id\":\"https:\/\/avocat-lbv.com\/it\/marie-yschard\/#breadcrumb\"},\"inLanguage\":\"it-IT\",\"potentialAction\":[{\"@type\":\"ReadAction\",\"target\":[\"https:\/\/avocat-lbv.com\/it\/marie-yschard\/\"]}]},{\"@type\":\"ImageObject\",\"inLanguage\":\"it-IT\",\"@id\":\"https:\/\/avocat-lbv.com\/it\/marie-yschard\/#primaryimage\",\"url\":\"https:\/\/avocat-lbv.com\/wp-content\/uploads\/2019\/04\/avocat.jpg\",\"contentUrl\":\"https:\/\/avocat-lbv.com\/wp-content\/uploads\/2019\/04\/avocat.jpg\"},{\"@type\":\"BreadcrumbList\",\"@id\":\"https:\/\/avocat-lbv.com\/it\/marie-yschard\/#breadcrumb\",\"itemListElement\":[{\"@type\":\"ListItem\",\"position\":1,\"name\":\"Accueil\",\"item\":\"https:\/\/avocat-lbv.com\/it\/cabinet-davocat\/\"},{\"@type\":\"ListItem\",\"position\":2,\"name\":\"Marie Yschard\"}]},{\"@type\":\"WebSite\",\"@id\":\"https:\/\/avocat-lbv.com\/#website\",\"url\":\"https:\/\/avocat-lbv.com\/\",\"name\":\"LBV Avocat\",\"description\":\"\",\"publisher\":{\"@id\":\"https:\/\/avocat-lbv.com\/#organization\"},\"potentialAction\":[{\"@type\":\"SearchAction\",\"target\":{\"@type\":\"EntryPoint\",\"urlTemplate\":\"https:\/\/avocat-lbv.com\/?s={search_term_string}\"},\"query-input\":{\"@type\":\"PropertyValueSpecification\",\"valueRequired\":true,\"valueName\":\"search_term_string\"}}],\"inLanguage\":\"it-IT\"},{\"@type\":\"Organization\",\"@id\":\"https:\/\/avocat-lbv.com\/#organization\",\"name\":\"LBV Avocat\",\"url\":\"https:\/\/avocat-lbv.com\/\",\"logo\":{\"@type\":\"ImageObject\",\"inLanguage\":\"it-IT\",\"@id\":\"https:\/\/avocat-lbv.com\/#\/schema\/logo\/image\/\",\"url\":\"https:\/\/avocat-lbv.com\/wp-content\/uploads\/2019\/04\/logo-blanc.svg\",\"contentUrl\":\"https:\/\/avocat-lbv.com\/wp-content\/uploads\/2019\/04\/logo-blanc.svg\",\"width\":227,\"height\":52,\"caption\":\"LBV Avocat\"},\"image\":{\"@id\":\"https:\/\/avocat-lbv.com\/#\/schema\/logo\/image\/\"},\"sameAs\":[\"https:\/\/www.facebook.com\/avocatLBV\/\",\"https:\/\/x.com\/CabinetLBV\"]}]}<\/script>\n<!-- \/ Yoast SEO plugin. -->","yoast_head_json":{"title":"Micka\u00ebl Le Borloch, avocat Barreau de Rouen & Docteur en droit\u00a0","description":"Apr\u00e8s avoir obtenu sa licence de droit \u00e0 l\u2019Universit\u00e9 La Sapienza \u00e0 Rome et sa licence d\u2019anglais en France, puis s\u2019\u00eatre dipl\u00f4m\u00e9 du Master 2","robots":{"index":"index","follow":"follow","max-snippet":"max-snippet:-1","max-image-preview":"max-image-preview:large","max-video-preview":"max-video-preview:-1"},"canonical":"https:\/\/avocat-lbv.com\/it\/marie-yschard\/","og_locale":"it_IT","og_type":"article","og_title":"Micka\u00ebl Le Borloch, avocat Barreau de Rouen & Docteur en droit\u00a0","og_description":"Apr\u00e8s avoir obtenu sa licence de droit \u00e0 l\u2019Universit\u00e9 La Sapienza \u00e0 Rome et sa licence d\u2019anglais en France, puis s\u2019\u00eatre dipl\u00f4m\u00e9 du Master 2","og_url":"https:\/\/avocat-lbv.com\/it\/marie-yschard\/","og_site_name":"LBV Avocat","article_publisher":"https:\/\/www.facebook.com\/avocatLBV\/","article_modified_time":"2026-01-16T10:46:52+00:00","og_image":[{"url":"https:\/\/avocat-lbv.com\/wp-content\/uploads\/2019\/04\/avocat.jpg","type":"","width":"","height":""}],"twitter_card":"summary_large_image","twitter_site":"@CabinetLBV","twitter_misc":{"Tempo di lettura stimato":"2 minuti"},"schema":{"@context":"https:\/\/schema.org","@graph":[{"@type":"WebPage","@id":"https:\/\/avocat-lbv.com\/it\/marie-yschard\/","url":"https:\/\/avocat-lbv.com\/it\/marie-yschard\/","name":"Micka\u00ebl Le Borloch, avocat Barreau de Rouen & Docteur en droit\u00a0","isPartOf":{"@id":"https:\/\/avocat-lbv.com\/#website"},"primaryImageOfPage":{"@id":"https:\/\/avocat-lbv.com\/it\/marie-yschard\/#primaryimage"},"image":{"@id":"https:\/\/avocat-lbv.com\/it\/marie-yschard\/#primaryimage"},"thumbnailUrl":"https:\/\/avocat-lbv.com\/wp-content\/uploads\/2019\/04\/avocat.jpg","datePublished":"2023-09-08T13:45:41+00:00","dateModified":"2026-01-16T10:46:52+00:00","description":"Apr\u00e8s avoir obtenu sa licence de droit \u00e0 l\u2019Universit\u00e9 La Sapienza \u00e0 Rome et sa licence d\u2019anglais en France, puis s\u2019\u00eatre dipl\u00f4m\u00e9 du Master 2","breadcrumb":{"@id":"https:\/\/avocat-lbv.com\/it\/marie-yschard\/#breadcrumb"},"inLanguage":"it-IT","potentialAction":[{"@type":"ReadAction","target":["https:\/\/avocat-lbv.com\/it\/marie-yschard\/"]}]},{"@type":"ImageObject","inLanguage":"it-IT","@id":"https:\/\/avocat-lbv.com\/it\/marie-yschard\/#primaryimage","url":"https:\/\/avocat-lbv.com\/wp-content\/uploads\/2019\/04\/avocat.jpg","contentUrl":"https:\/\/avocat-lbv.com\/wp-content\/uploads\/2019\/04\/avocat.jpg"},{"@type":"BreadcrumbList","@id":"https:\/\/avocat-lbv.com\/it\/marie-yschard\/#breadcrumb","itemListElement":[{"@type":"ListItem","position":1,"name":"Accueil","item":"https:\/\/avocat-lbv.com\/it\/cabinet-davocat\/"},{"@type":"ListItem","position":2,"name":"Marie Yschard"}]},{"@type":"WebSite","@id":"https:\/\/avocat-lbv.com\/#website","url":"https:\/\/avocat-lbv.com\/","name":"LBV Avocat","description":"","publisher":{"@id":"https:\/\/avocat-lbv.com\/#organization"},"potentialAction":[{"@type":"SearchAction","target":{"@type":"EntryPoint","urlTemplate":"https:\/\/avocat-lbv.com\/?s={search_term_string}"},"query-input":{"@type":"PropertyValueSpecification","valueRequired":true,"valueName":"search_term_string"}}],"inLanguage":"it-IT"},{"@type":"Organization","@id":"https:\/\/avocat-lbv.com\/#organization","name":"LBV Avocat","url":"https:\/\/avocat-lbv.com\/","logo":{"@type":"ImageObject","inLanguage":"it-IT","@id":"https:\/\/avocat-lbv.com\/#\/schema\/logo\/image\/","url":"https:\/\/avocat-lbv.com\/wp-content\/uploads\/2019\/04\/logo-blanc.svg","contentUrl":"https:\/\/avocat-lbv.com\/wp-content\/uploads\/2019\/04\/logo-blanc.svg","width":227,"height":52,"caption":"LBV Avocat"},"image":{"@id":"https:\/\/avocat-lbv.com\/#\/schema\/logo\/image\/"},"sameAs":["https:\/\/www.facebook.com\/avocatLBV\/","https:\/\/x.com\/CabinetLBV"]}]}},"featured_image_src":null,"featured_image_src_square":null,"_links":{"self":[{"href":"https:\/\/avocat-lbv.com\/it\/wp-json\/wp\/v2\/pages\/5110","targetHints":{"allow":["GET"]}}],"collection":[{"href":"https:\/\/avocat-lbv.com\/it\/wp-json\/wp\/v2\/pages"}],"about":[{"href":"https:\/\/avocat-lbv.com\/it\/wp-json\/wp\/v2\/types\/page"}],"author":[{"embeddable":true,"href":"https:\/\/avocat-lbv.com\/it\/wp-json\/wp\/v2\/users\/7"}],"replies":[{"embeddable":true,"href":"https:\/\/avocat-lbv.com\/it\/wp-json\/wp\/v2\/comments?post=5110"}],"version-history":[{"count":2,"href":"https:\/\/avocat-lbv.com\/it\/wp-json\/wp\/v2\/pages\/5110\/revisions"}],"predecessor-version":[{"id":14189,"href":"https:\/\/avocat-lbv.com\/it\/wp-json\/wp\/v2\/pages\/5110\/revisions\/14189"}],"wp:attachment":[{"href":"https:\/\/avocat-lbv.com\/it\/wp-json\/wp\/v2\/media?parent=5110"}],"curies":[{"name":"wp","href":"https:\/\/api.w.org\/{rel}","templated":true}]}}