{"id":5108,"date":"2023-09-08T15:52:43","date_gmt":"2023-09-08T13:52:43","guid":{"rendered":"https:\/\/avocat-lbv.com\/adrienne-durand\/"},"modified":"2026-01-16T11:42:55","modified_gmt":"2026-01-16T10:42:55","slug":"adrienne-durand","status":"publish","type":"page","link":"https:\/\/avocat-lbv.com\/it\/adrienne-durand\/","title":{"rendered":"Adrienne Durand"},"content":{"rendered":"\n<div style=\"background-color:#29235c\" class=\"wp-block-genesis-blocks-gb-container header gb-block-container\"><div class=\"gb-container-inside\"><div class=\"gb-container-image-wrap\"><img decoding=\"async\" class=\"gb-container-image has-background-dim\" object-fit=\"cover\"  src=\"https:\/\/avocat-lbv.com\/wp-content\/uploads\/2019\/04\/avocat.jpg\" alt=\"Micka\u00ebl Le Borloch est avocat au Barreau de Rouen et Docteur en droit.\"\/><\/div><div class=\"gb-container-content\" style=\"max-width:1600px\">\n<h1 class=\"wp-block-heading\">Adrienne Durand<\/h1>\n\n\n\n<p><\/p>\n<\/div><\/div><\/div>\n\n\n\n<div class=\"wp-block-genesis-blocks-gb-container bg-grey gb-block-container\"><div class=\"gb-container-inside\"><div class=\"gb-container-content\" style=\"max-width:1600px\">\n<div class=\"wp-block-columns has-2-columns is-layout-flex wp-container-core-columns-is-layout-9d6595d7 wp-block-columns-is-layout-flex\">\n<div class=\"wp-block-column is-layout-flow wp-block-column-is-layout-flow\">\n<p>Adrienne DURAND, un avvocatessa impegnata, \u00e8 qui per guidarti attraverso le intricate vie del diritto. Con la sua competenza, ti accompagna gentilmente nei tuoi processi legali.<\/p>\n\n\n\n<p>Dopo aver ottenuto la laurea in Giurisprudenza, Adrienne si \u00e8 distinta conseguendo una laurea specialistica in Diritto Pubblico, con specializzazione in Diritto Costituzionale e Diritto Amministrativo, presso l&#8217;Universit\u00e0 di Rouen. La sua tesi, incentrata su &#8220;Lo Stato di Diritto nella lotta al terrorismo&#8221;, riflette la sua sensibilit\u00e0 alle questioni sociali e politiche.<\/p>\n\n\n\n<p>Come avvocatessa, Adrienne applica le sue competenze per servire una clientela variegata, che va dalle imprese ai singoli individui alle istituzioni pubbliche. Il suo approccio empatico e l&#8217;attenzione ai dettagli assicurano un supporto personalizzato ed efficace.<\/p>\n\n\n\n<p>Al di fuori della sua carriera legale, Adrienne possiede anche un 2\u00ba dan in Aikibudo FFAAA, che dimostra il suo impegno nelle arti marziali e nell&#8217;associazione sportiva in cui pratica.<\/p>\n\n\n\n<p>Con Adrienne al tuo fianco, beneficerai di un&#8217;assistenza legale professionale e premurosa, guidata dalla determinazione a difendere i tuoi interessi e risolvere le tue sfide legali.<\/p>\n<\/div>\n\n\n\n<div class=\"wp-block-column is-layout-flow wp-block-column-is-layout-flow\">\n<figure class=\"wp-block-image size-large\"><img loading=\"lazy\" decoding=\"async\" width=\"681\" height=\"1024\" src=\"https:\/\/avocat-lbv.com\/wp-content\/uploads\/2023\/09\/LBV-Avocats-portraits-11-681x1024.jpg\" alt=\"\" class=\"wp-image-4295\" srcset=\"https:\/\/avocat-lbv.com\/wp-content\/uploads\/2023\/09\/LBV-Avocats-portraits-11-681x1024.jpg 681w, https:\/\/avocat-lbv.com\/wp-content\/uploads\/2023\/09\/LBV-Avocats-portraits-11-200x300.jpg 200w, https:\/\/avocat-lbv.com\/wp-content\/uploads\/2023\/09\/LBV-Avocats-portraits-11-768x1154.jpg 768w, https:\/\/avocat-lbv.com\/wp-content\/uploads\/2023\/09\/LBV-Avocats-portraits-11-1022x1536.jpg 1022w, https:\/\/avocat-lbv.com\/wp-content\/uploads\/2023\/09\/LBV-Avocats-portraits-11-1363x2048.jpg 1363w, https:\/\/avocat-lbv.com\/wp-content\/uploads\/2023\/09\/LBV-Avocats-portraits-11-scaled.jpg 1703w\" sizes=\"auto, (max-width: 681px) 100vw, 681px\" \/><\/figure>\n<\/div>\n<\/div>\n<\/div><\/div><\/div>\n","protected":false},"excerpt":{"rendered":"","protected":false},"author":5,"featured_media":0,"parent":0,"menu_order":0,"comment_status":"closed","ping_status":"closed","template":"","meta":{"footnotes":""},"class_list":["post-5108","page","type-page","status-publish","hentry"],"yoast_head":"<!-- This site is optimized with the Yoast SEO plugin v27.2 - https:\/\/yoast.com\/product\/yoast-seo-wordpress\/ -->\n<title>Micka\u00ebl Le Borloch, avocat Barreau de Rouen &amp; Docteur en droit\u00a0<\/title>\n<meta name=\"description\" content=\"Apr\u00e8s avoir obtenu sa licence de droit \u00e0 l\u2019Universit\u00e9 La Sapienza \u00e0 Rome et sa licence d\u2019anglais en France, puis s\u2019\u00eatre dipl\u00f4m\u00e9 du Master 2\" \/>\n<meta name=\"robots\" content=\"index, follow, max-snippet:-1, max-image-preview:large, max-video-preview:-1\" \/>\n<link rel=\"canonical\" href=\"https:\/\/avocat-lbv.com\/it\/adrienne-durand\/\" \/>\n<meta property=\"og:locale\" content=\"it_IT\" \/>\n<meta property=\"og:type\" content=\"article\" \/>\n<meta property=\"og:title\" content=\"Micka\u00ebl Le Borloch, avocat Barreau de Rouen &amp; Docteur en droit\u00a0\" \/>\n<meta property=\"og:description\" content=\"Apr\u00e8s avoir obtenu sa licence de droit \u00e0 l\u2019Universit\u00e9 La Sapienza \u00e0 Rome et sa licence d\u2019anglais en France, puis s\u2019\u00eatre dipl\u00f4m\u00e9 du Master 2\" \/>\n<meta property=\"og:url\" content=\"https:\/\/avocat-lbv.com\/it\/adrienne-durand\/\" \/>\n<meta property=\"og:site_name\" content=\"LBV Avocat\" \/>\n<meta property=\"article:publisher\" content=\"https:\/\/www.facebook.com\/avocatLBV\/\" \/>\n<meta property=\"article:modified_time\" content=\"2026-01-16T10:42:55+00:00\" \/>\n<meta property=\"og:image\" content=\"https:\/\/avocat-lbv.com\/wp-content\/uploads\/2019\/04\/avocat.jpg\" \/>\n<meta name=\"twitter:card\" content=\"summary_large_image\" \/>\n<meta name=\"twitter:site\" content=\"@CabinetLBV\" \/>\n<meta name=\"twitter:label1\" content=\"Tempo di lettura stimato\" \/>\n\t<meta name=\"twitter:data1\" content=\"2 minuti\" \/>\n<script type=\"application\/ld+json\" class=\"yoast-schema-graph\">{\"@context\":\"https:\/\/schema.org\",\"@graph\":[{\"@type\":\"WebPage\",\"@id\":\"https:\/\/avocat-lbv.com\/it\/adrienne-durand\/\",\"url\":\"https:\/\/avocat-lbv.com\/it\/adrienne-durand\/\",\"name\":\"Micka\u00ebl Le Borloch, avocat Barreau de Rouen & Docteur en droit\u00a0\",\"isPartOf\":{\"@id\":\"https:\/\/avocat-lbv.com\/#website\"},\"primaryImageOfPage\":{\"@id\":\"https:\/\/avocat-lbv.com\/it\/adrienne-durand\/#primaryimage\"},\"image\":{\"@id\":\"https:\/\/avocat-lbv.com\/it\/adrienne-durand\/#primaryimage\"},\"thumbnailUrl\":\"https:\/\/avocat-lbv.com\/wp-content\/uploads\/2019\/04\/avocat.jpg\",\"datePublished\":\"2023-09-08T13:52:43+00:00\",\"dateModified\":\"2026-01-16T10:42:55+00:00\",\"description\":\"Apr\u00e8s avoir obtenu sa licence de droit \u00e0 l\u2019Universit\u00e9 La Sapienza \u00e0 Rome et sa licence d\u2019anglais en France, puis s\u2019\u00eatre dipl\u00f4m\u00e9 du Master 2\",\"breadcrumb\":{\"@id\":\"https:\/\/avocat-lbv.com\/it\/adrienne-durand\/#breadcrumb\"},\"inLanguage\":\"it-IT\",\"potentialAction\":[{\"@type\":\"ReadAction\",\"target\":[\"https:\/\/avocat-lbv.com\/it\/adrienne-durand\/\"]}]},{\"@type\":\"ImageObject\",\"inLanguage\":\"it-IT\",\"@id\":\"https:\/\/avocat-lbv.com\/it\/adrienne-durand\/#primaryimage\",\"url\":\"https:\/\/avocat-lbv.com\/wp-content\/uploads\/2019\/04\/avocat.jpg\",\"contentUrl\":\"https:\/\/avocat-lbv.com\/wp-content\/uploads\/2019\/04\/avocat.jpg\"},{\"@type\":\"BreadcrumbList\",\"@id\":\"https:\/\/avocat-lbv.com\/it\/adrienne-durand\/#breadcrumb\",\"itemListElement\":[{\"@type\":\"ListItem\",\"position\":1,\"name\":\"Accueil\",\"item\":\"https:\/\/avocat-lbv.com\/it\/cabinet-davocat\/\"},{\"@type\":\"ListItem\",\"position\":2,\"name\":\"Adrienne Durand\"}]},{\"@type\":\"WebSite\",\"@id\":\"https:\/\/avocat-lbv.com\/#website\",\"url\":\"https:\/\/avocat-lbv.com\/\",\"name\":\"LBV Avocat\",\"description\":\"\",\"publisher\":{\"@id\":\"https:\/\/avocat-lbv.com\/#organization\"},\"potentialAction\":[{\"@type\":\"SearchAction\",\"target\":{\"@type\":\"EntryPoint\",\"urlTemplate\":\"https:\/\/avocat-lbv.com\/?s={search_term_string}\"},\"query-input\":{\"@type\":\"PropertyValueSpecification\",\"valueRequired\":true,\"valueName\":\"search_term_string\"}}],\"inLanguage\":\"it-IT\"},{\"@type\":\"Organization\",\"@id\":\"https:\/\/avocat-lbv.com\/#organization\",\"name\":\"LBV Avocat\",\"url\":\"https:\/\/avocat-lbv.com\/\",\"logo\":{\"@type\":\"ImageObject\",\"inLanguage\":\"it-IT\",\"@id\":\"https:\/\/avocat-lbv.com\/#\/schema\/logo\/image\/\",\"url\":\"https:\/\/avocat-lbv.com\/wp-content\/uploads\/2019\/04\/logo-blanc.svg\",\"contentUrl\":\"https:\/\/avocat-lbv.com\/wp-content\/uploads\/2019\/04\/logo-blanc.svg\",\"width\":227,\"height\":52,\"caption\":\"LBV Avocat\"},\"image\":{\"@id\":\"https:\/\/avocat-lbv.com\/#\/schema\/logo\/image\/\"},\"sameAs\":[\"https:\/\/www.facebook.com\/avocatLBV\/\",\"https:\/\/x.com\/CabinetLBV\"]}]}<\/script>\n<!-- \/ Yoast SEO plugin. -->","yoast_head_json":{"title":"Micka\u00ebl Le Borloch, avocat Barreau de Rouen & Docteur en droit\u00a0","description":"Apr\u00e8s avoir obtenu sa licence de droit \u00e0 l\u2019Universit\u00e9 La Sapienza \u00e0 Rome et sa licence d\u2019anglais en France, puis s\u2019\u00eatre dipl\u00f4m\u00e9 du Master 2","robots":{"index":"index","follow":"follow","max-snippet":"max-snippet:-1","max-image-preview":"max-image-preview:large","max-video-preview":"max-video-preview:-1"},"canonical":"https:\/\/avocat-lbv.com\/it\/adrienne-durand\/","og_locale":"it_IT","og_type":"article","og_title":"Micka\u00ebl Le Borloch, avocat Barreau de Rouen & Docteur en droit\u00a0","og_description":"Apr\u00e8s avoir obtenu sa licence de droit \u00e0 l\u2019Universit\u00e9 La Sapienza \u00e0 Rome et sa licence d\u2019anglais en France, puis s\u2019\u00eatre dipl\u00f4m\u00e9 du Master 2","og_url":"https:\/\/avocat-lbv.com\/it\/adrienne-durand\/","og_site_name":"LBV Avocat","article_publisher":"https:\/\/www.facebook.com\/avocatLBV\/","article_modified_time":"2026-01-16T10:42:55+00:00","og_image":[{"url":"https:\/\/avocat-lbv.com\/wp-content\/uploads\/2019\/04\/avocat.jpg","type":"","width":"","height":""}],"twitter_card":"summary_large_image","twitter_site":"@CabinetLBV","twitter_misc":{"Tempo di lettura stimato":"2 minuti"},"schema":{"@context":"https:\/\/schema.org","@graph":[{"@type":"WebPage","@id":"https:\/\/avocat-lbv.com\/it\/adrienne-durand\/","url":"https:\/\/avocat-lbv.com\/it\/adrienne-durand\/","name":"Micka\u00ebl Le Borloch, avocat Barreau de Rouen & Docteur en droit\u00a0","isPartOf":{"@id":"https:\/\/avocat-lbv.com\/#website"},"primaryImageOfPage":{"@id":"https:\/\/avocat-lbv.com\/it\/adrienne-durand\/#primaryimage"},"image":{"@id":"https:\/\/avocat-lbv.com\/it\/adrienne-durand\/#primaryimage"},"thumbnailUrl":"https:\/\/avocat-lbv.com\/wp-content\/uploads\/2019\/04\/avocat.jpg","datePublished":"2023-09-08T13:52:43+00:00","dateModified":"2026-01-16T10:42:55+00:00","description":"Apr\u00e8s avoir obtenu sa licence de droit \u00e0 l\u2019Universit\u00e9 La Sapienza \u00e0 Rome et sa licence d\u2019anglais en France, puis s\u2019\u00eatre dipl\u00f4m\u00e9 du Master 2","breadcrumb":{"@id":"https:\/\/avocat-lbv.com\/it\/adrienne-durand\/#breadcrumb"},"inLanguage":"it-IT","potentialAction":[{"@type":"ReadAction","target":["https:\/\/avocat-lbv.com\/it\/adrienne-durand\/"]}]},{"@type":"ImageObject","inLanguage":"it-IT","@id":"https:\/\/avocat-lbv.com\/it\/adrienne-durand\/#primaryimage","url":"https:\/\/avocat-lbv.com\/wp-content\/uploads\/2019\/04\/avocat.jpg","contentUrl":"https:\/\/avocat-lbv.com\/wp-content\/uploads\/2019\/04\/avocat.jpg"},{"@type":"BreadcrumbList","@id":"https:\/\/avocat-lbv.com\/it\/adrienne-durand\/#breadcrumb","itemListElement":[{"@type":"ListItem","position":1,"name":"Accueil","item":"https:\/\/avocat-lbv.com\/it\/cabinet-davocat\/"},{"@type":"ListItem","position":2,"name":"Adrienne Durand"}]},{"@type":"WebSite","@id":"https:\/\/avocat-lbv.com\/#website","url":"https:\/\/avocat-lbv.com\/","name":"LBV Avocat","description":"","publisher":{"@id":"https:\/\/avocat-lbv.com\/#organization"},"potentialAction":[{"@type":"SearchAction","target":{"@type":"EntryPoint","urlTemplate":"https:\/\/avocat-lbv.com\/?s={search_term_string}"},"query-input":{"@type":"PropertyValueSpecification","valueRequired":true,"valueName":"search_term_string"}}],"inLanguage":"it-IT"},{"@type":"Organization","@id":"https:\/\/avocat-lbv.com\/#organization","name":"LBV Avocat","url":"https:\/\/avocat-lbv.com\/","logo":{"@type":"ImageObject","inLanguage":"it-IT","@id":"https:\/\/avocat-lbv.com\/#\/schema\/logo\/image\/","url":"https:\/\/avocat-lbv.com\/wp-content\/uploads\/2019\/04\/logo-blanc.svg","contentUrl":"https:\/\/avocat-lbv.com\/wp-content\/uploads\/2019\/04\/logo-blanc.svg","width":227,"height":52,"caption":"LBV Avocat"},"image":{"@id":"https:\/\/avocat-lbv.com\/#\/schema\/logo\/image\/"},"sameAs":["https:\/\/www.facebook.com\/avocatLBV\/","https:\/\/x.com\/CabinetLBV"]}]}},"featured_image_src":null,"featured_image_src_square":null,"_links":{"self":[{"href":"https:\/\/avocat-lbv.com\/it\/wp-json\/wp\/v2\/pages\/5108","targetHints":{"allow":["GET"]}}],"collection":[{"href":"https:\/\/avocat-lbv.com\/it\/wp-json\/wp\/v2\/pages"}],"about":[{"href":"https:\/\/avocat-lbv.com\/it\/wp-json\/wp\/v2\/types\/page"}],"author":[{"embeddable":true,"href":"https:\/\/avocat-lbv.com\/it\/wp-json\/wp\/v2\/users\/5"}],"replies":[{"embeddable":true,"href":"https:\/\/avocat-lbv.com\/it\/wp-json\/wp\/v2\/comments?post=5108"}],"version-history":[{"count":2,"href":"https:\/\/avocat-lbv.com\/it\/wp-json\/wp\/v2\/pages\/5108\/revisions"}],"predecessor-version":[{"id":14172,"href":"https:\/\/avocat-lbv.com\/it\/wp-json\/wp\/v2\/pages\/5108\/revisions\/14172"}],"wp:attachment":[{"href":"https:\/\/avocat-lbv.com\/it\/wp-json\/wp\/v2\/media?parent=5108"}],"curies":[{"name":"wp","href":"https:\/\/api.w.org\/{rel}","templated":true}]}}