{"id":1533,"date":"2021-09-21T14:30:12","date_gmt":"2021-09-21T12:30:12","guid":{"rendered":"https:\/\/avocat-lbv.com\/expertises\/"},"modified":"2026-01-16T11:42:56","modified_gmt":"2026-01-16T10:42:56","slug":"expertises","status":"publish","type":"page","link":"https:\/\/avocat-lbv.com\/it\/expertises\/","title":{"rendered":"Abilit\u00e0"},"content":{"rendered":"\n<div style=\"background-color:#29235c\" class=\"wp-block-genesis-blocks-gb-container header gb-block-container\"><div class=\"gb-container-inside\"><div class=\"gb-container-image-wrap\"><img decoding=\"async\" class=\"gb-container-image has-background-dim\" object-fit=\"cover\"  src=\"https:\/\/avocat-lbv.com\/wp-content\/uploads\/2019\/04\/competences.jpg\" alt=\"Comp\u00e9tences\"\/><\/div><div class=\"gb-container-content\" style=\"max-width:1600px\">\n<h1 class=\"wp-block-heading\">Abilit\u00e0<\/h1>\n<\/div><\/div><\/div>\n\n\n\n<div class=\"wp-block-genesis-blocks-gb-container competence-left gb-block-container\"><div class=\"gb-container-inside\"><div class=\"gb-container-content\" style=\"max-width:1600px\">\n<div class=\"wp-block-columns has-2-columns is-layout-flex wp-container-core-columns-is-layout-9d6595d7 wp-block-columns-is-layout-flex\">\n<div class=\"wp-block-column is-layout-flow wp-block-column-is-layout-flow\"><div class=\"wp-block-image competence-img\">\n<figure class=\"aligncenter is-resized\"><img loading=\"lazy\" decoding=\"async\" src=\"https:\/\/avocat-lbv.com\/wp-content\/uploads\/\/2019\/04\/droit-propriete-intellectuelle.svg\" alt=\"Droit de la propri\u00e9t\u00e9 intellectuelle\" class=\"wp-image-1280\" width=\"125\" height=\"106\"\/><\/figure>\n<\/div><\/div>\n\n\n\n<div class=\"wp-block-column is-layout-flow wp-block-column-is-layout-flow\">\n<h2 class=\"wp-block-heading\"><strong>Diritto della propriet\u00e0 intellettuale<\/strong><\/h2>\n\n\n\n<p><strong>Grazie alla sua tesi in propriet\u00e0 intellettuale e alle sue esperienze a Roma, Parigi e Los Angeles, l&#8217;avvocato presta assistenza :  <\/strong><\/p>\n\n\n\n<ul class=\"wp-block-list\"><li><strong>per la tutela dei vostri diritti (tutti i tipi di contenzioso), <\/strong><\/li><li><strong>cessioni di diritti (negoziazione, redazione di contratti).<\/strong><\/li><\/ul>\n\n\n\n<p>Micka\u00ebl Le Borloch vi assiste quindi in materia di diritto d&#8217;autore, diritto del cinema, diritto dei marchi, diritto dei brevetti, diritto del design. <\/p>\n<\/div>\n<\/div>\n<\/div><\/div><\/div>\n\n\n\n<div class=\"wp-block-genesis-blocks-gb-container competence-right gb-block-container\"><div class=\"gb-container-inside\"><div class=\"gb-container-content\" style=\"max-width:1600px\">\n<div class=\"wp-block-columns has-2-columns is-layout-flex wp-container-core-columns-is-layout-9d6595d7 wp-block-columns-is-layout-flex\">\n<div class=\"wp-block-column is-layout-flow wp-block-column-is-layout-flow\">\n<p><\/p>\n\n\n\n<h2 class=\"wp-block-heading\"><strong>Diritto di Internet<\/strong><\/h2>\n\n\n\n<p><strong>Grazie alla sua precisa competenza tecnica, lo Studio vi supporta nella vostra strategia online.<\/strong><\/p>\n\n\n\n<p>Micka\u00ebl Le Borloch interviene dinanzi ai tribunali per tutelare i vostri diritti nel modo pi\u00f9 efficace. Lo Studio vi offrir\u00e0 anche l&#8217;implementazione di soluzioni tecniche e pragmatiche. <\/p>\n<\/div>\n\n\n\n<div class=\"wp-block-column is-layout-flow wp-block-column-is-layout-flow\"><div class=\"wp-block-image competence-img\">\n<figure class=\"aligncenter is-resized\"><img loading=\"lazy\" decoding=\"async\" src=\"https:\/\/avocat-lbv.com\/wp-content\/uploads\/\/2019\/04\/droit-internet.svg\" alt=\"Droit de l'Internet\" class=\"wp-image-1282\" width=\"92\" height=\"85\"\/><\/figure>\n<\/div><\/div>\n<\/div>\n<\/div><\/div><\/div>\n\n\n\n<div class=\"wp-block-genesis-blocks-gb-container competence-left gb-block-container\"><div class=\"gb-container-inside\"><div class=\"gb-container-content\" style=\"max-width:1600px\">\n<div class=\"wp-block-columns has-2-columns is-layout-flex wp-container-core-columns-is-layout-9d6595d7 wp-block-columns-is-layout-flex\">\n<div class=\"wp-block-column is-layout-flow wp-block-column-is-layout-flow\"><div class=\"wp-block-image competence-img\">\n<figure class=\"aligncenter is-resized\"><img loading=\"lazy\" decoding=\"async\" src=\"https:\/\/avocat-lbv.com\/wp-content\/uploads\/\/2019\/04\/droit-nouvelle-technologie.svg\" alt=\"Droit des nouvelles technologies\" class=\"wp-image-1284\" width=\"125\" height=\"155\"\/><\/figure>\n<\/div><\/div>\n\n\n\n<div class=\"wp-block-column is-layout-flow wp-block-column-is-layout-flow\">\n<h2 class=\"wp-block-heading\"><strong>Legge sulle nuove tecnologie <\/strong><\/h2>\n\n\n\n<p><strong>Lo Studio vi supporta nei vostri progetti di sviluppo in termini di nuove tecnologie. Lo Studio vi offrir\u00e0 soluzioni innovative, creative e pragmatiche per aiutarvi nel successo dei vostri progetti. <\/strong><\/p>\n<\/div>\n<\/div>\n<\/div><\/div><\/div>\n\n\n\n<div class=\"wp-block-genesis-blocks-gb-container competence-right gb-block-container\"><div class=\"gb-container-inside\"><div class=\"gb-container-content\" style=\"max-width:1600px\">\n<div class=\"wp-block-columns has-2-columns is-layout-flex wp-container-core-columns-is-layout-9d6595d7 wp-block-columns-is-layout-flex\">\n<div class=\"wp-block-column is-layout-flow wp-block-column-is-layout-flow\">\n<h2 class=\"wp-block-heading\"><strong>GDPR \u2013 Diritto dei dati personali <\/strong><\/h2>\n\n\n\n<p><strong>Il GDPR \u00e8 un&#8217;opportunit\u00e0 per le aziende. La conformit\u00e0 al GDPR contribuisce cos\u00ec a migliorare l&#8217;immagine della vostra struttura e vi aiuta a razionalizzare il vostro stock di dati. Grazie alla sua rete di esperti informatici, lo studio vi supporta in tutte le questioni relative al diritto dei dati personali. <\/strong><\/p>\n<\/div>\n\n\n\n<div class=\"wp-block-column is-layout-flow wp-block-column-is-layout-flow\"><div class=\"wp-block-image competence-img\">\n<figure class=\"aligncenter is-resized\"><img loading=\"lazy\" decoding=\"async\" src=\"https:\/\/avocat-lbv.com\/wp-content\/uploads\/\/2019\/04\/droit-donnees-personnelles.svg\" alt=\"RGPD \u2013 droit des donn\u00e9es personnelles\" class=\"wp-image-1286\" width=\"125\" height=\"125\"\/><\/figure>\n<\/div><\/div>\n<\/div>\n<\/div><\/div><\/div>\n\n\n\n<div class=\"wp-block-genesis-blocks-gb-container competence-left gb-block-container\"><div class=\"gb-container-inside\"><div class=\"gb-container-content\" style=\"max-width:1600px\">\n<div class=\"wp-block-columns has-2-columns is-layout-flex wp-container-core-columns-is-layout-9d6595d7 wp-block-columns-is-layout-flex\">\n<div class=\"wp-block-column is-layout-flow wp-block-column-is-layout-flow\"><div class=\"wp-block-image competence-img\">\n<figure class=\"aligncenter is-resized\"><img decoding=\"async\" src=\"https:\/\/avocat-lbv.com\/wp-content\/uploads\/\/2019\/04\/droit-international.svg\" alt=\"Droit international\" class=\"wp-image-1288\" width=\"125\"\/><\/figure>\n<\/div><\/div>\n\n\n\n<div class=\"wp-block-column is-layout-flow wp-block-column-is-layout-flow\">\n<h2 class=\"wp-block-heading\"><strong>Diritto internazionale<\/strong><\/h2>\n\n\n\n<p><strong>Con esperienza a Roma, Parigi e Los Angeles e con esperienza in casi con una forte dimensione internazionale, lo studio vi supporta nel tuo sviluppo all&#8217;estero. Lo Studio vuole essere un ponte tra le culture al fine di facilitare lo sviluppo delle vostre attivit\u00e0 all&#8217;estero. <\/strong><\/p>\n\n\n\n<p>Lo studio offre inoltre un supporto personalizzato in inglese e italiano alle aziende estere che desiderano sviluppare le proprie attivit\u00e0 in Francia. <\/p>\n<\/div>\n<\/div>\n<\/div><\/div><\/div>\n\n\n\n<div class=\"wp-block-genesis-blocks-gb-container competence-right gb-block-container\"><div class=\"gb-container-inside\"><div class=\"gb-container-content\" style=\"max-width:1600px\">\n<div class=\"wp-block-columns has-2-columns is-layout-flex wp-container-core-columns-is-layout-9d6595d7 wp-block-columns-is-layout-flex\">\n<div class=\"wp-block-column is-layout-flow wp-block-column-is-layout-flow\">\n<h2 class=\"wp-block-heading\"><strong>Diritto degli affari<\/strong><\/h2>\n\n\n\n<p><strong>Lo studio vi assiste nelle vostre strategie commerciali ed in particolare nella costituzione di una societ\u00e0 (SARL, SAS, EURL, SASU ecc.\u2026). Vi assiste nella redazione di un contratto commerciale, condizioni generali di vendita, trasferimento di beni aziendali, nella consulenza e redazione di locazioni commerciali, nella cessione di quote&#8230; <\/strong><\/p>\n\n\n\n<p>Lo Studio vi assiste sia dinanzi al Tribunale del Commercio che dinanzi agli organi arbitrali. <\/p>\n<\/div>\n\n\n\n<div class=\"wp-block-column is-layout-flow wp-block-column-is-layout-flow\"><div class=\"wp-block-image\">\n<figure class=\"aligncenter is-resized\"><img decoding=\"async\" src=\"https:\/\/avocat-lbv.com\/wp-content\/uploads\/\/2019\/04\/droit-affaires.svg\" alt=\"Droit des affaires\" class=\"wp-image-1290\" width=\"125\"\/><\/figure>\n<\/div><\/div>\n<\/div>\n<\/div><\/div><\/div>\n\n\n\n<div class=\"wp-block-genesis-blocks-gb-container competence-left gb-block-container\"><div class=\"gb-container-inside\"><div class=\"gb-container-content\" style=\"max-width:1600px\">\n<div class=\"wp-block-columns has-2-columns is-layout-flex wp-container-core-columns-is-layout-9d6595d7 wp-block-columns-is-layout-flex\">\n<div class=\"wp-block-column is-layout-flow wp-block-column-is-layout-flow\"><div class=\"wp-block-image\">\n<figure class=\"aligncenter is-resized\"><img decoding=\"async\" src=\"https:\/\/avocat-lbv.com\/wp-content\/uploads\/\/2019\/04\/droit-reponsabilite-civile.svg\" alt=\"Droit de la responsabilit\u00e9 civile\" class=\"wp-image-1292\" width=\"125\"\/><\/figure>\n<\/div><\/div>\n\n\n\n<div class=\"wp-block-column is-layout-flow wp-block-column-is-layout-flow\">\n<h2 class=\"wp-block-heading\"><strong>Diritto della responsabilita\u2019 civile<\/strong><\/h2>\n\n\n\n<p><strong>Lo studio vi assiste sia nel sinistro che nella difesa nei casi di responsabilit\u00e0 civile. Dalla responsabilit\u00e0 civile professionale alle lesioni personali passando per gli incidenti stradali Micka\u00ebl LE BORLOCH difende i vostri interessi davanti ai tribunali. <\/strong><\/p>\n<\/div>\n<\/div>\n<\/div><\/div><\/div>\n\n\n\n<div class=\"wp-block-genesis-blocks-gb-container competence-right gb-block-container\"><div class=\"gb-container-inside\"><div class=\"gb-container-content\" style=\"max-width:1600px\">\n<div class=\"wp-block-columns has-2-columns is-layout-flex wp-container-core-columns-is-layout-9d6595d7 wp-block-columns-is-layout-flex\">\n<div class=\"wp-block-column is-layout-flow wp-block-column-is-layout-flow\">\n<h2 class=\"wp-block-heading\"><strong>Diritto di famiglia<\/strong><\/h2>\n\n\n\n<p><strong>Lo studio fornisce consulenza in materia di divorzio &#8211; e in particolare nell&#8217;ambito di un divorzio consensuale &#8211; nonch\u00e9 in materia di affidamento dei figli. <\/strong><\/p>\n\n\n\n<p>Lo studio vi supporta e vi consiglia nella stesura del vostro accordo di divorzio. Vi rappresenta anche nei contenziosi nei procedimenti di divorzio. In materia di custodia e diritti di visita, difende i vostri interessi davanti al giudice. <\/p>\n<\/div>\n\n\n\n<div class=\"wp-block-column is-layout-flow wp-block-column-is-layout-flow\"><div class=\"wp-block-image\">\n<figure class=\"aligncenter is-resized\"><img decoding=\"async\" src=\"https:\/\/avocat-lbv.com\/wp-content\/uploads\/\/2019\/04\/droit-famille.svg\" alt=\"Droit de la famille\" class=\"wp-image-1294\" width=\"125\"\/><\/figure>\n<\/div>\n\n\n<p><\/p>\n<\/div>\n<\/div>\n<\/div><\/div><\/div>\n\n\n\n<div class=\"wp-block-genesis-blocks-gb-container competence-left gb-block-container\"><div class=\"gb-container-inside\"><div class=\"gb-container-content\" style=\"max-width:1600px\">\n<div class=\"wp-block-columns has-2-columns is-layout-flex wp-container-core-columns-is-layout-9d6595d7 wp-block-columns-is-layout-flex\">\n<div class=\"wp-block-column is-layout-flow wp-block-column-is-layout-flow\"><div class=\"wp-block-image\">\n<figure class=\"aligncenter is-resized\"><img loading=\"lazy\" decoding=\"async\" src=\"https:\/\/avocat-lbv.com\/wp-content\/uploads\/\/2019\/04\/droit-travail.svg\" alt=\"Droit du travail\" class=\"wp-image-1296\" width=\"90\" height=\"74\"\/><\/figure>\n<\/div>\n\n\n<p><\/p>\n<\/div>\n\n\n\n<div class=\"wp-block-column is-layout-flow wp-block-column-is-layout-flow\">\n<h2 class=\"wp-block-heading\"><strong>Diritto del lavoro<\/strong><\/h2>\n\n\n\n<p><strong>Lo Studio offre assistenza nella redazione dei contratti di lavoro, nell&#8217;esecuzione del contratto di lavoro fino alla scadenza del contratto di lavoro. <\/strong><\/p>\n\n\n\n<p>Lo studio vi assiste sia nella consulenza che nel contenzioso dinanzi a tutti i tribunali. <\/p>\n<\/div>\n<\/div>\n\n\n\n<p><\/p>\n<\/div><\/div><\/div>\n\n\n\n<div class=\"wp-block-genesis-blocks-gb-container competence-right last gb-block-container\"><div class=\"gb-container-inside\"><div class=\"gb-container-content\" style=\"max-width:1600px\">\n<div class=\"wp-block-columns has-2-columns is-layout-flex wp-container-core-columns-is-layout-9d6595d7 wp-block-columns-is-layout-flex\">\n<div class=\"wp-block-column is-layout-flow wp-block-column-is-layout-flow\">\n<h2 class=\"wp-block-heading\"><strong>Diritto penale<\/strong><\/h2>\n\n\n\n<p><strong>Lo studio vi assiste dinanzi ai tribunali penali. Lo studio vi consiglia in custodia cautelare, durante le indagini e difende i vostri diritti dinnanzi a tutti i tribunali. <\/strong><\/p>\n<\/div>\n\n\n\n<div class=\"wp-block-column is-layout-flow wp-block-column-is-layout-flow\"><div class=\"wp-block-image\">\n<figure class=\"aligncenter is-resized\"><img loading=\"lazy\" decoding=\"async\" src=\"https:\/\/avocat-lbv.com\/wp-content\/uploads\/\/2019\/04\/droit-penal.svg\" alt=\"Droit p\u00e9nal\" class=\"wp-image-1298\" width=\"67\" height=\"67\"\/><\/figure>\n<\/div><\/div>\n<\/div>\n<\/div><\/div><\/div>\n","protected":false},"excerpt":{"rendered":"","protected":false},"author":7,"featured_media":0,"parent":0,"menu_order":0,"comment_status":"closed","ping_status":"closed","template":"","meta":{"footnotes":""},"class_list":["post-1533","page","type-page","status-publish","hentry"],"yoast_head":"<!-- This site is optimized with the Yoast SEO plugin v27.2 - https:\/\/yoast.com\/product\/yoast-seo-wordpress\/ -->\n<title>Les expertises du cabinet - LBV Avocat<\/title>\n<meta name=\"description\" content=\"Mickael Le Borloch, avocat de profession et enseignant universitaire au droit de la propri\u00e9t\u00e9 intellectuelle, droit d\u2019auteur, droit des marques ...\" \/>\n<meta name=\"robots\" content=\"index, follow, max-snippet:-1, max-image-preview:large, max-video-preview:-1\" \/>\n<link rel=\"canonical\" href=\"https:\/\/avocat-lbv.com\/it\/expertises\/\" \/>\n<meta property=\"og:locale\" content=\"it_IT\" \/>\n<meta property=\"og:type\" content=\"article\" \/>\n<meta property=\"og:title\" content=\"Les expertises du cabinet - LBV Avocat\" \/>\n<meta property=\"og:description\" content=\"Mickael Le Borloch, avocat de profession et enseignant universitaire au droit de la propri\u00e9t\u00e9 intellectuelle, droit d\u2019auteur, droit des marques ...\" \/>\n<meta property=\"og:url\" content=\"https:\/\/avocat-lbv.com\/it\/expertises\/\" \/>\n<meta property=\"og:site_name\" content=\"LBV Avocat\" \/>\n<meta property=\"article:publisher\" content=\"https:\/\/www.facebook.com\/avocatLBV\/\" \/>\n<meta property=\"article:modified_time\" content=\"2026-01-16T10:42:56+00:00\" \/>\n<meta property=\"og:image\" content=\"https:\/\/avocat-lbv.com\/wp-content\/uploads\/2019\/04\/competences.jpg\" \/>\n<meta name=\"twitter:card\" content=\"summary_large_image\" \/>\n<meta name=\"twitter:site\" content=\"@CabinetLBV\" \/>\n<meta name=\"twitter:label1\" content=\"Tempo di lettura stimato\" \/>\n\t<meta name=\"twitter:data1\" content=\"5 minuti\" \/>\n<script type=\"application\/ld+json\" class=\"yoast-schema-graph\">{\"@context\":\"https:\/\/schema.org\",\"@graph\":[{\"@type\":\"WebPage\",\"@id\":\"https:\/\/avocat-lbv.com\/it\/expertises\/\",\"url\":\"https:\/\/avocat-lbv.com\/it\/expertises\/\",\"name\":\"Les expertises du cabinet - LBV Avocat\",\"isPartOf\":{\"@id\":\"https:\/\/avocat-lbv.com\/#website\"},\"primaryImageOfPage\":{\"@id\":\"https:\/\/avocat-lbv.com\/it\/expertises\/#primaryimage\"},\"image\":{\"@id\":\"https:\/\/avocat-lbv.com\/it\/expertises\/#primaryimage\"},\"thumbnailUrl\":\"https:\/\/avocat-lbv.com\/wp-content\/uploads\/2019\/04\/competences.jpg\",\"datePublished\":\"2021-09-21T12:30:12+00:00\",\"dateModified\":\"2026-01-16T10:42:56+00:00\",\"description\":\"Mickael Le Borloch, avocat de profession et enseignant universitaire au droit de la propri\u00e9t\u00e9 intellectuelle, droit d\u2019auteur, droit des marques ...\",\"breadcrumb\":{\"@id\":\"https:\/\/avocat-lbv.com\/it\/expertises\/#breadcrumb\"},\"inLanguage\":\"it-IT\",\"potentialAction\":[{\"@type\":\"ReadAction\",\"target\":[\"https:\/\/avocat-lbv.com\/it\/expertises\/\"]}]},{\"@type\":\"ImageObject\",\"inLanguage\":\"it-IT\",\"@id\":\"https:\/\/avocat-lbv.com\/it\/expertises\/#primaryimage\",\"url\":\"https:\/\/avocat-lbv.com\/wp-content\/uploads\/2019\/04\/competences.jpg\",\"contentUrl\":\"https:\/\/avocat-lbv.com\/wp-content\/uploads\/2019\/04\/competences.jpg\"},{\"@type\":\"BreadcrumbList\",\"@id\":\"https:\/\/avocat-lbv.com\/it\/expertises\/#breadcrumb\",\"itemListElement\":[{\"@type\":\"ListItem\",\"position\":1,\"name\":\"Accueil\",\"item\":\"https:\/\/avocat-lbv.com\/it\/cabinet-davocat\/\"},{\"@type\":\"ListItem\",\"position\":2,\"name\":\"Abilit\u00e0\"}]},{\"@type\":\"WebSite\",\"@id\":\"https:\/\/avocat-lbv.com\/#website\",\"url\":\"https:\/\/avocat-lbv.com\/\",\"name\":\"LBV Avocat\",\"description\":\"\",\"publisher\":{\"@id\":\"https:\/\/avocat-lbv.com\/#organization\"},\"potentialAction\":[{\"@type\":\"SearchAction\",\"target\":{\"@type\":\"EntryPoint\",\"urlTemplate\":\"https:\/\/avocat-lbv.com\/?s={search_term_string}\"},\"query-input\":{\"@type\":\"PropertyValueSpecification\",\"valueRequired\":true,\"valueName\":\"search_term_string\"}}],\"inLanguage\":\"it-IT\"},{\"@type\":\"Organization\",\"@id\":\"https:\/\/avocat-lbv.com\/#organization\",\"name\":\"LBV Avocat\",\"url\":\"https:\/\/avocat-lbv.com\/\",\"logo\":{\"@type\":\"ImageObject\",\"inLanguage\":\"it-IT\",\"@id\":\"https:\/\/avocat-lbv.com\/#\/schema\/logo\/image\/\",\"url\":\"https:\/\/avocat-lbv.com\/wp-content\/uploads\/2019\/04\/logo-blanc.svg\",\"contentUrl\":\"https:\/\/avocat-lbv.com\/wp-content\/uploads\/2019\/04\/logo-blanc.svg\",\"width\":227,\"height\":52,\"caption\":\"LBV Avocat\"},\"image\":{\"@id\":\"https:\/\/avocat-lbv.com\/#\/schema\/logo\/image\/\"},\"sameAs\":[\"https:\/\/www.facebook.com\/avocatLBV\/\",\"https:\/\/x.com\/CabinetLBV\"]}]}<\/script>\n<!-- \/ Yoast SEO plugin. -->","yoast_head_json":{"title":"Les expertises du cabinet - LBV Avocat","description":"Mickael Le Borloch, avocat de profession et enseignant universitaire au droit de la propri\u00e9t\u00e9 intellectuelle, droit d\u2019auteur, droit des marques ...","robots":{"index":"index","follow":"follow","max-snippet":"max-snippet:-1","max-image-preview":"max-image-preview:large","max-video-preview":"max-video-preview:-1"},"canonical":"https:\/\/avocat-lbv.com\/it\/expertises\/","og_locale":"it_IT","og_type":"article","og_title":"Les expertises du cabinet - LBV Avocat","og_description":"Mickael Le Borloch, avocat de profession et enseignant universitaire au droit de la propri\u00e9t\u00e9 intellectuelle, droit d\u2019auteur, droit des marques ...","og_url":"https:\/\/avocat-lbv.com\/it\/expertises\/","og_site_name":"LBV Avocat","article_publisher":"https:\/\/www.facebook.com\/avocatLBV\/","article_modified_time":"2026-01-16T10:42:56+00:00","og_image":[{"url":"https:\/\/avocat-lbv.com\/wp-content\/uploads\/2019\/04\/competences.jpg","type":"","width":"","height":""}],"twitter_card":"summary_large_image","twitter_site":"@CabinetLBV","twitter_misc":{"Tempo di lettura stimato":"5 minuti"},"schema":{"@context":"https:\/\/schema.org","@graph":[{"@type":"WebPage","@id":"https:\/\/avocat-lbv.com\/it\/expertises\/","url":"https:\/\/avocat-lbv.com\/it\/expertises\/","name":"Les expertises du cabinet - LBV Avocat","isPartOf":{"@id":"https:\/\/avocat-lbv.com\/#website"},"primaryImageOfPage":{"@id":"https:\/\/avocat-lbv.com\/it\/expertises\/#primaryimage"},"image":{"@id":"https:\/\/avocat-lbv.com\/it\/expertises\/#primaryimage"},"thumbnailUrl":"https:\/\/avocat-lbv.com\/wp-content\/uploads\/2019\/04\/competences.jpg","datePublished":"2021-09-21T12:30:12+00:00","dateModified":"2026-01-16T10:42:56+00:00","description":"Mickael Le Borloch, avocat de profession et enseignant universitaire au droit de la propri\u00e9t\u00e9 intellectuelle, droit d\u2019auteur, droit des marques ...","breadcrumb":{"@id":"https:\/\/avocat-lbv.com\/it\/expertises\/#breadcrumb"},"inLanguage":"it-IT","potentialAction":[{"@type":"ReadAction","target":["https:\/\/avocat-lbv.com\/it\/expertises\/"]}]},{"@type":"ImageObject","inLanguage":"it-IT","@id":"https:\/\/avocat-lbv.com\/it\/expertises\/#primaryimage","url":"https:\/\/avocat-lbv.com\/wp-content\/uploads\/2019\/04\/competences.jpg","contentUrl":"https:\/\/avocat-lbv.com\/wp-content\/uploads\/2019\/04\/competences.jpg"},{"@type":"BreadcrumbList","@id":"https:\/\/avocat-lbv.com\/it\/expertises\/#breadcrumb","itemListElement":[{"@type":"ListItem","position":1,"name":"Accueil","item":"https:\/\/avocat-lbv.com\/it\/cabinet-davocat\/"},{"@type":"ListItem","position":2,"name":"Abilit\u00e0"}]},{"@type":"WebSite","@id":"https:\/\/avocat-lbv.com\/#website","url":"https:\/\/avocat-lbv.com\/","name":"LBV Avocat","description":"","publisher":{"@id":"https:\/\/avocat-lbv.com\/#organization"},"potentialAction":[{"@type":"SearchAction","target":{"@type":"EntryPoint","urlTemplate":"https:\/\/avocat-lbv.com\/?s={search_term_string}"},"query-input":{"@type":"PropertyValueSpecification","valueRequired":true,"valueName":"search_term_string"}}],"inLanguage":"it-IT"},{"@type":"Organization","@id":"https:\/\/avocat-lbv.com\/#organization","name":"LBV Avocat","url":"https:\/\/avocat-lbv.com\/","logo":{"@type":"ImageObject","inLanguage":"it-IT","@id":"https:\/\/avocat-lbv.com\/#\/schema\/logo\/image\/","url":"https:\/\/avocat-lbv.com\/wp-content\/uploads\/2019\/04\/logo-blanc.svg","contentUrl":"https:\/\/avocat-lbv.com\/wp-content\/uploads\/2019\/04\/logo-blanc.svg","width":227,"height":52,"caption":"LBV Avocat"},"image":{"@id":"https:\/\/avocat-lbv.com\/#\/schema\/logo\/image\/"},"sameAs":["https:\/\/www.facebook.com\/avocatLBV\/","https:\/\/x.com\/CabinetLBV"]}]}},"featured_image_src":null,"featured_image_src_square":null,"_links":{"self":[{"href":"https:\/\/avocat-lbv.com\/it\/wp-json\/wp\/v2\/pages\/1533","targetHints":{"allow":["GET"]}}],"collection":[{"href":"https:\/\/avocat-lbv.com\/it\/wp-json\/wp\/v2\/pages"}],"about":[{"href":"https:\/\/avocat-lbv.com\/it\/wp-json\/wp\/v2\/types\/page"}],"author":[{"embeddable":true,"href":"https:\/\/avocat-lbv.com\/it\/wp-json\/wp\/v2\/users\/7"}],"replies":[{"embeddable":true,"href":"https:\/\/avocat-lbv.com\/it\/wp-json\/wp\/v2\/comments?post=1533"}],"version-history":[{"count":3,"href":"https:\/\/avocat-lbv.com\/it\/wp-json\/wp\/v2\/pages\/1533\/revisions"}],"predecessor-version":[{"id":14180,"href":"https:\/\/avocat-lbv.com\/it\/wp-json\/wp\/v2\/pages\/1533\/revisions\/14180"}],"wp:attachment":[{"href":"https:\/\/avocat-lbv.com\/it\/wp-json\/wp\/v2\/media?parent=1533"}],"curies":[{"name":"wp","href":"https:\/\/api.w.org\/{rel}","templated":true}]}}