{"id":5092,"date":"2023-09-08T15:45:41","date_gmt":"2023-09-08T13:45:41","guid":{"rendered":"https:\/\/avocat-lbv.com\/marie-yschard\/"},"modified":"2026-01-16T11:46:52","modified_gmt":"2026-01-16T10:46:52","slug":"marie-yschard","status":"publish","type":"page","link":"https:\/\/avocat-lbv.com\/en\/marie-yschard\/","title":{"rendered":"Marie Yschard"},"content":{"rendered":"\n<div style=\"background-color:#29235c\" class=\"wp-block-genesis-blocks-gb-container header gb-block-container\"><div class=\"gb-container-inside\"><div class=\"gb-container-image-wrap\"><img decoding=\"async\" class=\"gb-container-image has-background-dim\" object-fit=\"cover\"  src=\"https:\/\/avocat-lbv.com\/wp-content\/uploads\/2019\/04\/avocat.jpg\" alt=\"Micka\u00ebl Le Borloch est avocat au Barreau de Rouen et Docteur en droit.\"\/><\/div><div class=\"gb-container-content\" style=\"max-width:1600px\">\n<h1 class=\"wp-block-heading\">Marie Yschard<\/h1>\n\n\n\n<p><\/p>\n<\/div><\/div><\/div>\n\n\n\n<div class=\"wp-block-genesis-blocks-gb-container bg-grey gb-block-container\"><div class=\"gb-container-inside\"><div class=\"gb-container-content\" style=\"max-width:1600px\">\n<div class=\"wp-block-columns has-2-columns is-layout-flex wp-container-core-columns-is-layout-9d6595d7 wp-block-columns-is-layout-flex\">\n<div class=\"wp-block-column is-layout-flow wp-block-column-is-layout-flow\">\n<p>Marie Yschard is an enthusiastic and committed lawyer, ready to accompany you in your legal challenges. Her varied academic background and intellectual curiosity allow her to bring a unique perspective to her clients.<\/p>\n\n\n\n<p>After obtaining her Bachelor&#8217;s degree in Law from the University of Rouen, Marie furthered her studies by specializing in European and International Law during her Master&#8217;s degree at Charles University in Prague. Upon returning to France, she focused on business law, earning a Master&#8217;s degree in Labor Law and Social Security at the University of Rouen.<\/p>\n\n\n\n<p>Marie advises both companies and employees, aiming for conflict resolution and the defense of everyone&#8217;s rights. She supports them with genuine empathy and an unwavering determination to defend their rights and protect their interests.<\/p>\n\n\n\n<p>In addition to her legal practice, Marie Yschard has a passion for music and classical literature, which led her to obtain a Master&#8217;s degree in Classical Literature at the University of Rouen. Her interest in Roman civilization is reflected in her academic work, notably in an article published in Dalloz&#8217;s Cahiers de philosophie du droit, where she explores the nobility of the lawyer in Rome according to Pliny the Younger. She is also a violinist and has joined the orchestra of the University Hospital of Rouen.<\/p>\n\n\n\n<p>Marie thus combines her legal expertise with her artistic and cultural sensitivity, offering her clients an enriched and multidisciplinary approach. With Marie by your side, you benefit from a human and professional support to overcome your legal challenges with confidence and serenity.<\/p>\n<\/div>\n\n\n\n<div class=\"wp-block-column is-layout-flow wp-block-column-is-layout-flow\">\n<figure class=\"wp-block-image size-full\"><img loading=\"lazy\" decoding=\"async\" width=\"1703\" height=\"2560\" src=\"https:\/\/avocat-lbv.com\/wp-content\/uploads\/2023\/09\/LBV-Avocats-portraits-12-scaled.jpg\" alt=\"\" class=\"wp-image-4283\" srcset=\"https:\/\/avocat-lbv.com\/wp-content\/uploads\/2023\/09\/LBV-Avocats-portraits-12-scaled.jpg 1703w, https:\/\/avocat-lbv.com\/wp-content\/uploads\/2023\/09\/LBV-Avocats-portraits-12-200x300.jpg 200w, https:\/\/avocat-lbv.com\/wp-content\/uploads\/2023\/09\/LBV-Avocats-portraits-12-681x1024.jpg 681w, https:\/\/avocat-lbv.com\/wp-content\/uploads\/2023\/09\/LBV-Avocats-portraits-12-768x1154.jpg 768w, https:\/\/avocat-lbv.com\/wp-content\/uploads\/2023\/09\/LBV-Avocats-portraits-12-1022x1536.jpg 1022w, https:\/\/avocat-lbv.com\/wp-content\/uploads\/2023\/09\/LBV-Avocats-portraits-12-1363x2048.jpg 1363w\" sizes=\"auto, (max-width: 1703px) 100vw, 1703px\" \/><\/figure>\n<\/div>\n<\/div>\n<\/div><\/div><\/div>\n","protected":false},"excerpt":{"rendered":"","protected":false},"author":7,"featured_media":0,"parent":0,"menu_order":0,"comment_status":"closed","ping_status":"closed","template":"","meta":{"footnotes":""},"class_list":["post-5092","page","type-page","status-publish","hentry"],"yoast_head":"<!-- This site is optimized with the Yoast SEO plugin v27.2 - https:\/\/yoast.com\/product\/yoast-seo-wordpress\/ -->\n<title>Micka\u00ebl Le Borloch, avocat Barreau de Rouen &amp; Docteur en droit\u00a0<\/title>\n<meta name=\"description\" content=\"Apr\u00e8s avoir obtenu sa licence de droit \u00e0 l\u2019Universit\u00e9 La Sapienza \u00e0 Rome et sa licence d\u2019anglais en France, puis s\u2019\u00eatre dipl\u00f4m\u00e9 du Master 2\" \/>\n<meta name=\"robots\" content=\"index, follow, max-snippet:-1, max-image-preview:large, max-video-preview:-1\" \/>\n<link rel=\"canonical\" href=\"https:\/\/avocat-lbv.com\/en\/marie-yschard\/\" \/>\n<meta property=\"og:locale\" content=\"en_US\" \/>\n<meta property=\"og:type\" content=\"article\" \/>\n<meta property=\"og:title\" content=\"Micka\u00ebl Le Borloch, avocat Barreau de Rouen &amp; Docteur en droit\u00a0\" \/>\n<meta property=\"og:description\" content=\"Apr\u00e8s avoir obtenu sa licence de droit \u00e0 l\u2019Universit\u00e9 La Sapienza \u00e0 Rome et sa licence d\u2019anglais en France, puis s\u2019\u00eatre dipl\u00f4m\u00e9 du Master 2\" \/>\n<meta property=\"og:url\" content=\"https:\/\/avocat-lbv.com\/en\/marie-yschard\/\" \/>\n<meta property=\"og:site_name\" content=\"LBV Avocat\" \/>\n<meta property=\"article:publisher\" content=\"https:\/\/www.facebook.com\/avocatLBV\/\" \/>\n<meta property=\"article:modified_time\" content=\"2026-01-16T10:46:52+00:00\" \/>\n<meta property=\"og:image\" content=\"https:\/\/avocat-lbv.com\/wp-content\/uploads\/2019\/04\/avocat.jpg\" \/>\n<meta name=\"twitter:card\" content=\"summary_large_image\" \/>\n<meta name=\"twitter:site\" content=\"@CabinetLBV\" \/>\n<meta name=\"twitter:label1\" content=\"Est. reading time\" \/>\n\t<meta name=\"twitter:data1\" content=\"2 minutes\" \/>\n<script type=\"application\/ld+json\" class=\"yoast-schema-graph\">{\"@context\":\"https:\/\/schema.org\",\"@graph\":[{\"@type\":\"WebPage\",\"@id\":\"https:\/\/avocat-lbv.com\/en\/marie-yschard\/\",\"url\":\"https:\/\/avocat-lbv.com\/en\/marie-yschard\/\",\"name\":\"Micka\u00ebl Le Borloch, avocat Barreau de Rouen & Docteur en droit\u00a0\",\"isPartOf\":{\"@id\":\"https:\/\/avocat-lbv.com\/#website\"},\"primaryImageOfPage\":{\"@id\":\"https:\/\/avocat-lbv.com\/en\/marie-yschard\/#primaryimage\"},\"image\":{\"@id\":\"https:\/\/avocat-lbv.com\/en\/marie-yschard\/#primaryimage\"},\"thumbnailUrl\":\"https:\/\/avocat-lbv.com\/wp-content\/uploads\/2019\/04\/avocat.jpg\",\"datePublished\":\"2023-09-08T13:45:41+00:00\",\"dateModified\":\"2026-01-16T10:46:52+00:00\",\"description\":\"Apr\u00e8s avoir obtenu sa licence de droit \u00e0 l\u2019Universit\u00e9 La Sapienza \u00e0 Rome et sa licence d\u2019anglais en France, puis s\u2019\u00eatre dipl\u00f4m\u00e9 du Master 2\",\"breadcrumb\":{\"@id\":\"https:\/\/avocat-lbv.com\/en\/marie-yschard\/#breadcrumb\"},\"inLanguage\":\"en-US\",\"potentialAction\":[{\"@type\":\"ReadAction\",\"target\":[\"https:\/\/avocat-lbv.com\/en\/marie-yschard\/\"]}]},{\"@type\":\"ImageObject\",\"inLanguage\":\"en-US\",\"@id\":\"https:\/\/avocat-lbv.com\/en\/marie-yschard\/#primaryimage\",\"url\":\"https:\/\/avocat-lbv.com\/wp-content\/uploads\/2019\/04\/avocat.jpg\",\"contentUrl\":\"https:\/\/avocat-lbv.com\/wp-content\/uploads\/2019\/04\/avocat.jpg\"},{\"@type\":\"BreadcrumbList\",\"@id\":\"https:\/\/avocat-lbv.com\/en\/marie-yschard\/#breadcrumb\",\"itemListElement\":[{\"@type\":\"ListItem\",\"position\":1,\"name\":\"Accueil\",\"item\":\"https:\/\/avocat-lbv.com\/en\/cabinet-davocat\/\"},{\"@type\":\"ListItem\",\"position\":2,\"name\":\"Marie Yschard\"}]},{\"@type\":\"WebSite\",\"@id\":\"https:\/\/avocat-lbv.com\/#website\",\"url\":\"https:\/\/avocat-lbv.com\/\",\"name\":\"LBV Avocat\",\"description\":\"\",\"publisher\":{\"@id\":\"https:\/\/avocat-lbv.com\/#organization\"},\"potentialAction\":[{\"@type\":\"SearchAction\",\"target\":{\"@type\":\"EntryPoint\",\"urlTemplate\":\"https:\/\/avocat-lbv.com\/?s={search_term_string}\"},\"query-input\":{\"@type\":\"PropertyValueSpecification\",\"valueRequired\":true,\"valueName\":\"search_term_string\"}}],\"inLanguage\":\"en-US\"},{\"@type\":\"Organization\",\"@id\":\"https:\/\/avocat-lbv.com\/#organization\",\"name\":\"LBV Avocat\",\"url\":\"https:\/\/avocat-lbv.com\/\",\"logo\":{\"@type\":\"ImageObject\",\"inLanguage\":\"en-US\",\"@id\":\"https:\/\/avocat-lbv.com\/#\/schema\/logo\/image\/\",\"url\":\"https:\/\/avocat-lbv.com\/wp-content\/uploads\/2019\/04\/logo-blanc.svg\",\"contentUrl\":\"https:\/\/avocat-lbv.com\/wp-content\/uploads\/2019\/04\/logo-blanc.svg\",\"width\":227,\"height\":52,\"caption\":\"LBV Avocat\"},\"image\":{\"@id\":\"https:\/\/avocat-lbv.com\/#\/schema\/logo\/image\/\"},\"sameAs\":[\"https:\/\/www.facebook.com\/avocatLBV\/\",\"https:\/\/x.com\/CabinetLBV\"]}]}<\/script>\n<!-- \/ Yoast SEO plugin. -->","yoast_head_json":{"title":"Micka\u00ebl Le Borloch, avocat Barreau de Rouen & Docteur en droit\u00a0","description":"Apr\u00e8s avoir obtenu sa licence de droit \u00e0 l\u2019Universit\u00e9 La Sapienza \u00e0 Rome et sa licence d\u2019anglais en France, puis s\u2019\u00eatre dipl\u00f4m\u00e9 du Master 2","robots":{"index":"index","follow":"follow","max-snippet":"max-snippet:-1","max-image-preview":"max-image-preview:large","max-video-preview":"max-video-preview:-1"},"canonical":"https:\/\/avocat-lbv.com\/en\/marie-yschard\/","og_locale":"en_US","og_type":"article","og_title":"Micka\u00ebl Le Borloch, avocat Barreau de Rouen & Docteur en droit\u00a0","og_description":"Apr\u00e8s avoir obtenu sa licence de droit \u00e0 l\u2019Universit\u00e9 La Sapienza \u00e0 Rome et sa licence d\u2019anglais en France, puis s\u2019\u00eatre dipl\u00f4m\u00e9 du Master 2","og_url":"https:\/\/avocat-lbv.com\/en\/marie-yschard\/","og_site_name":"LBV Avocat","article_publisher":"https:\/\/www.facebook.com\/avocatLBV\/","article_modified_time":"2026-01-16T10:46:52+00:00","og_image":[{"url":"https:\/\/avocat-lbv.com\/wp-content\/uploads\/2019\/04\/avocat.jpg","type":"","width":"","height":""}],"twitter_card":"summary_large_image","twitter_site":"@CabinetLBV","twitter_misc":{"Est. reading time":"2 minutes"},"schema":{"@context":"https:\/\/schema.org","@graph":[{"@type":"WebPage","@id":"https:\/\/avocat-lbv.com\/en\/marie-yschard\/","url":"https:\/\/avocat-lbv.com\/en\/marie-yschard\/","name":"Micka\u00ebl Le Borloch, avocat Barreau de Rouen & Docteur en droit\u00a0","isPartOf":{"@id":"https:\/\/avocat-lbv.com\/#website"},"primaryImageOfPage":{"@id":"https:\/\/avocat-lbv.com\/en\/marie-yschard\/#primaryimage"},"image":{"@id":"https:\/\/avocat-lbv.com\/en\/marie-yschard\/#primaryimage"},"thumbnailUrl":"https:\/\/avocat-lbv.com\/wp-content\/uploads\/2019\/04\/avocat.jpg","datePublished":"2023-09-08T13:45:41+00:00","dateModified":"2026-01-16T10:46:52+00:00","description":"Apr\u00e8s avoir obtenu sa licence de droit \u00e0 l\u2019Universit\u00e9 La Sapienza \u00e0 Rome et sa licence d\u2019anglais en France, puis s\u2019\u00eatre dipl\u00f4m\u00e9 du Master 2","breadcrumb":{"@id":"https:\/\/avocat-lbv.com\/en\/marie-yschard\/#breadcrumb"},"inLanguage":"en-US","potentialAction":[{"@type":"ReadAction","target":["https:\/\/avocat-lbv.com\/en\/marie-yschard\/"]}]},{"@type":"ImageObject","inLanguage":"en-US","@id":"https:\/\/avocat-lbv.com\/en\/marie-yschard\/#primaryimage","url":"https:\/\/avocat-lbv.com\/wp-content\/uploads\/2019\/04\/avocat.jpg","contentUrl":"https:\/\/avocat-lbv.com\/wp-content\/uploads\/2019\/04\/avocat.jpg"},{"@type":"BreadcrumbList","@id":"https:\/\/avocat-lbv.com\/en\/marie-yschard\/#breadcrumb","itemListElement":[{"@type":"ListItem","position":1,"name":"Accueil","item":"https:\/\/avocat-lbv.com\/en\/cabinet-davocat\/"},{"@type":"ListItem","position":2,"name":"Marie Yschard"}]},{"@type":"WebSite","@id":"https:\/\/avocat-lbv.com\/#website","url":"https:\/\/avocat-lbv.com\/","name":"LBV Avocat","description":"","publisher":{"@id":"https:\/\/avocat-lbv.com\/#organization"},"potentialAction":[{"@type":"SearchAction","target":{"@type":"EntryPoint","urlTemplate":"https:\/\/avocat-lbv.com\/?s={search_term_string}"},"query-input":{"@type":"PropertyValueSpecification","valueRequired":true,"valueName":"search_term_string"}}],"inLanguage":"en-US"},{"@type":"Organization","@id":"https:\/\/avocat-lbv.com\/#organization","name":"LBV Avocat","url":"https:\/\/avocat-lbv.com\/","logo":{"@type":"ImageObject","inLanguage":"en-US","@id":"https:\/\/avocat-lbv.com\/#\/schema\/logo\/image\/","url":"https:\/\/avocat-lbv.com\/wp-content\/uploads\/2019\/04\/logo-blanc.svg","contentUrl":"https:\/\/avocat-lbv.com\/wp-content\/uploads\/2019\/04\/logo-blanc.svg","width":227,"height":52,"caption":"LBV Avocat"},"image":{"@id":"https:\/\/avocat-lbv.com\/#\/schema\/logo\/image\/"},"sameAs":["https:\/\/www.facebook.com\/avocatLBV\/","https:\/\/x.com\/CabinetLBV"]}]}},"featured_image_src":null,"featured_image_src_square":null,"_links":{"self":[{"href":"https:\/\/avocat-lbv.com\/en\/wp-json\/wp\/v2\/pages\/5092","targetHints":{"allow":["GET"]}}],"collection":[{"href":"https:\/\/avocat-lbv.com\/en\/wp-json\/wp\/v2\/pages"}],"about":[{"href":"https:\/\/avocat-lbv.com\/en\/wp-json\/wp\/v2\/types\/page"}],"author":[{"embeddable":true,"href":"https:\/\/avocat-lbv.com\/en\/wp-json\/wp\/v2\/users\/7"}],"replies":[{"embeddable":true,"href":"https:\/\/avocat-lbv.com\/en\/wp-json\/wp\/v2\/comments?post=5092"}],"version-history":[{"count":2,"href":"https:\/\/avocat-lbv.com\/en\/wp-json\/wp\/v2\/pages\/5092\/revisions"}],"predecessor-version":[{"id":14188,"href":"https:\/\/avocat-lbv.com\/en\/wp-json\/wp\/v2\/pages\/5092\/revisions\/14188"}],"wp:attachment":[{"href":"https:\/\/avocat-lbv.com\/en\/wp-json\/wp\/v2\/media?parent=5092"}],"curies":[{"name":"wp","href":"https:\/\/api.w.org\/{rel}","templated":true}]}}