{"id":1544,"date":"2021-09-21T14:20:37","date_gmt":"2021-09-21T12:20:37","guid":{"rendered":"https:\/\/avocat-lbv.com\/avocat\/"},"modified":"2026-01-16T11:42:57","modified_gmt":"2026-01-16T10:42:57","slug":"avocat","status":"publish","type":"page","link":"https:\/\/avocat-lbv.com\/en\/avocat\/","title":{"rendered":"Micka\u00ebl Le Borloch"},"content":{"rendered":"\n<div style=\"background-color:#29235c\" class=\"wp-block-genesis-blocks-gb-container header gb-block-container\"><div class=\"gb-container-inside\"><div class=\"gb-container-image-wrap\"><img decoding=\"async\" class=\"gb-container-image has-background-dim\" object-fit=\"cover\"  src=\"https:\/\/avocat-lbv.com\/wp-content\/uploads\/2019\/04\/avocat.jpg\" alt=\"Micka\u00ebl Le Borloch est avocat au Barreau de Rouen et Docteur en droit.\"\/><\/div><div class=\"gb-container-content\" style=\"max-width:1600px\">\n<h1 class=\"wp-block-heading\"><strong>Micka\u00ebl Le Borloch<\/strong><\/h1>\n\n\n\n<p><\/p>\n<\/div><\/div><\/div>\n\n\n\n<div class=\"wp-block-genesis-blocks-gb-container bg-grey gb-block-container\"><div class=\"gb-container-inside\"><div class=\"gb-container-content\" style=\"max-width:1600px\">\n<div class=\"wp-block-columns has-2-columns is-layout-flex wp-container-core-columns-is-layout-9d6595d7 wp-block-columns-is-layout-flex\">\n<div class=\"wp-block-column is-layout-flow wp-block-column-is-layout-flow\">\n<p>Micka\u00ebl Le Borloch is above all a law enthusiast. As a lawyer registered with the Bars of Paris and Rouen, as well as a Doctor of Law, he has the opportunity to combine his passion for the law with his calling to defend the interests of his clients.<\/p>\n\n\n\n<p>His academic journey reflects his curiosity. After obtaining his Bachelor&#8217;s degree in Law at La Sapienza University in Rome (Italy) and his Bachelor&#8217;s degree in English in France, he had the chance to pursue his studies with a Master&#8217;s degree in English and North American Business Law at Paris 1 Panth\u00e9on-Sorbonne University. His experiences abroad, including a Master&#8217;s degree in Business Law at the University of Southern California in the United States, have allowed him to gain a global perspective on the law.<\/p>\n\n\n\n<p>His doctoral thesis on &#8220;the application of copyright law to hyperlinks \u2013 analysis of French and American law,&#8221; the result of a collaboration between Paris 1 Panth\u00e9on-Sorbonne University and Columbia University in New York, is the culmination of many years of research and reflection. His published thesis, with an article shared in the International Copyright Law Journal (RIDA), represents not only a personal achievement for him but also a modest contribution to the field of law. He is an active member of Normandie Web Expert and Normandie Livre et Lecture, where he has the opportunity to intervene to popularize law.<\/p>\n<\/div>\n\n\n\n<div class=\"wp-block-column is-layout-flow wp-block-column-is-layout-flow\">\n<figure class=\"wp-block-image size-large front-img\"><img loading=\"lazy\" decoding=\"async\" width=\"681\" height=\"1024\" src=\"https:\/\/avocat-lbv.com\/wp-content\/uploads\/2023\/09\/LBV-Avocats-portraits-9-681x1024.jpg\" alt=\"\" class=\"wp-image-4288\" srcset=\"https:\/\/avocat-lbv.com\/wp-content\/uploads\/2023\/09\/LBV-Avocats-portraits-9-681x1024.jpg 681w, https:\/\/avocat-lbv.com\/wp-content\/uploads\/2023\/09\/LBV-Avocats-portraits-9-200x300.jpg 200w, https:\/\/avocat-lbv.com\/wp-content\/uploads\/2023\/09\/LBV-Avocats-portraits-9-768x1154.jpg 768w, https:\/\/avocat-lbv.com\/wp-content\/uploads\/2023\/09\/LBV-Avocats-portraits-9-1022x1536.jpg 1022w, https:\/\/avocat-lbv.com\/wp-content\/uploads\/2023\/09\/LBV-Avocats-portraits-9-1363x2048.jpg 1363w, https:\/\/avocat-lbv.com\/wp-content\/uploads\/2023\/09\/LBV-Avocats-portraits-9-scaled.jpg 1703w\" sizes=\"auto, (max-width: 681px) 100vw, 681px\" \/><\/figure>\n<\/div>\n<\/div>\n<\/div><\/div><\/div>\n\n\n\n<div class=\"wp-block-genesis-blocks-gb-container bg-blue gb-block-container\"><div class=\"gb-container-inside\"><div class=\"gb-container-content\" style=\"max-width:1600px\">\n<br>\n\n\n\n<p>Micka\u00ebl LE BORLOCH wrote his doctoral dissertation on &#8220;<em><a rel=\"noreferrer noopener\" aria-label=\"The Application Of Copyright To Hyperlinks - Analysis Of French And American Laws (s\u2019ouvre dans un nouvel onglet)\" href=\"https:\/\/www.la-rida.com\/fr\/article-rida\/3481?lang=fr\" target=\"_blank\">The Application Of Copyright To Hyperlinks &#8211; Analysis Of French And American Laws<\/a><\/em>&#8221; between La Sorbonne University in Paris and Columbia University in New York . He was awarded a scholarship from the Alliance program. You can access the resulting article at number 258 of the <em><a href=\"http:\/\/Micka\u00ebl LE BORLOCH wrote his doctoral dissertation on &quot;The Application Of Copyright To Hyperlinks - Analysis Of French And American Laws&quot; between La Sorbonne University in Paris and Columbia University in New York . He was awarded a scholarship from the Alliance program. You can access the resulting article at number 258 of the International Copyright Review (RIDA).\">International Copyright Review (RIDA)<\/a>.<\/em><\/p>\n\n\n\n<p>Micka\u00ebl Le Borloch also graduated from the University of Southern California (United States) where he gratuated from the Master degree of Business Law (LL.M.).<\/p>\n<\/div><\/div><\/div>\n\n\n\n<div class=\"wp-block-genesis-blocks-gb-container bg-opacity-blue gb-block-container\"><div class=\"gb-container-inside\"><div class=\"gb-container-content\" style=\"max-width:1600px\">\n<p>In addition to his legal profession, Micka\u00ebl LE BORLOCH lectures in intellectual property law, copyright, trademark law, patent law, communication and marketing law, contract law and tort law.<\/p>\n<\/div><\/div><\/div>\n\n\n\n<div class=\"wp-block-genesis-blocks-gb-container block-quote gb-block-container\"><div class=\"gb-container-inside\"><div class=\"gb-container-content\" style=\"max-width:1600px\">\n<div class=\"wp-block-columns has-2-columns is-layout-flex wp-container-core-columns-is-layout-9d6595d7 wp-block-columns-is-layout-flex\">\n<div class=\"wp-block-column is-layout-flow wp-block-column-is-layout-flow\">\n<figure class=\"wp-block-image\"><img loading=\"lazy\" decoding=\"async\" width=\"158\" height=\"22\" src=\"https:\/\/avocat-lbv.com\/wp-content\/uploads\/\/2019\/04\/trait.svg\" alt=\"Marquage de parragraphe\" class=\"wp-image-1269\"\/><\/figure>\n<\/div>\n\n\n\n<div class=\"wp-block-column is-layout-flow wp-block-column-is-layout-flow\">\n<p class=\"quote\">Micka\u00ebl Le Borloch represents authors, artists, companies, associations, and public institutions.<\/p>\n<\/div>\n<\/div>\n<\/div><\/div><\/div>\n\n\n\n<div class=\"wp-block-genesis-blocks-gb-container bg-opacity-blue gb-block-container\"><div class=\"gb-container-inside\"><div class=\"gb-container-content\" style=\"max-width:1600px\">\n<p>He is a member of the International Literary and Artistic Association (ALAI), of the Sorbonne Institute of Legal Research and of the Center for Studies and Research in Digital Law of the University of Sceaux (CERDI). Micka\u00ebl Le Borloch is also a member of the Club of Patrons of the Op\u00e9ra de Rouen and of Normandie Livre et Lecture.<\/p>\n<\/div><\/div><\/div>\n","protected":false},"excerpt":{"rendered":"","protected":false},"author":7,"featured_media":0,"parent":0,"menu_order":0,"comment_status":"closed","ping_status":"closed","template":"","meta":{"footnotes":""},"class_list":["post-1544","page","type-page","status-publish","hentry"],"yoast_head":"<!-- This site is optimized with the Yoast SEO plugin v27.2 - https:\/\/yoast.com\/product\/yoast-seo-wordpress\/ -->\n<title>Micka\u00ebl Le Borloch, avocat Barreau de Rouen &amp; Docteur en droit\u00a0<\/title>\n<meta name=\"description\" content=\"Apr\u00e8s avoir obtenu sa licence de droit \u00e0 l\u2019Universit\u00e9 La Sapienza \u00e0 Rome et sa licence d\u2019anglais en France, puis s\u2019\u00eatre dipl\u00f4m\u00e9 du Master 2\" \/>\n<meta name=\"robots\" content=\"index, follow, max-snippet:-1, max-image-preview:large, max-video-preview:-1\" \/>\n<link rel=\"canonical\" href=\"https:\/\/avocat-lbv.com\/en\/avocat\/\" \/>\n<meta property=\"og:locale\" content=\"en_US\" \/>\n<meta property=\"og:type\" content=\"article\" \/>\n<meta property=\"og:title\" content=\"Micka\u00ebl Le Borloch, avocat Barreau de Rouen &amp; Docteur en droit\u00a0\" \/>\n<meta property=\"og:description\" content=\"Apr\u00e8s avoir obtenu sa licence de droit \u00e0 l\u2019Universit\u00e9 La Sapienza \u00e0 Rome et sa licence d\u2019anglais en France, puis s\u2019\u00eatre dipl\u00f4m\u00e9 du Master 2\" \/>\n<meta property=\"og:url\" content=\"https:\/\/avocat-lbv.com\/en\/avocat\/\" \/>\n<meta property=\"og:site_name\" content=\"LBV Avocat\" \/>\n<meta property=\"article:publisher\" content=\"https:\/\/www.facebook.com\/avocatLBV\/\" \/>\n<meta property=\"article:modified_time\" content=\"2026-01-16T10:42:57+00:00\" \/>\n<meta property=\"og:image\" content=\"https:\/\/avocat-lbv.com\/wp-content\/uploads\/2019\/04\/avocat.jpg\" \/>\n<meta name=\"twitter:card\" content=\"summary_large_image\" \/>\n<meta name=\"twitter:site\" content=\"@CabinetLBV\" \/>\n<meta name=\"twitter:label1\" content=\"Est. reading time\" \/>\n\t<meta name=\"twitter:data1\" content=\"3 minutes\" \/>\n<script type=\"application\/ld+json\" class=\"yoast-schema-graph\">{\"@context\":\"https:\/\/schema.org\",\"@graph\":[{\"@type\":\"WebPage\",\"@id\":\"https:\/\/avocat-lbv.com\/en\/avocat\/\",\"url\":\"https:\/\/avocat-lbv.com\/en\/avocat\/\",\"name\":\"Micka\u00ebl Le Borloch, avocat Barreau de Rouen & Docteur en droit\u00a0\",\"isPartOf\":{\"@id\":\"https:\/\/avocat-lbv.com\/#website\"},\"primaryImageOfPage\":{\"@id\":\"https:\/\/avocat-lbv.com\/en\/avocat\/#primaryimage\"},\"image\":{\"@id\":\"https:\/\/avocat-lbv.com\/en\/avocat\/#primaryimage\"},\"thumbnailUrl\":\"https:\/\/avocat-lbv.com\/wp-content\/uploads\/2019\/04\/avocat.jpg\",\"datePublished\":\"2021-09-21T12:20:37+00:00\",\"dateModified\":\"2026-01-16T10:42:57+00:00\",\"description\":\"Apr\u00e8s avoir obtenu sa licence de droit \u00e0 l\u2019Universit\u00e9 La Sapienza \u00e0 Rome et sa licence d\u2019anglais en France, puis s\u2019\u00eatre dipl\u00f4m\u00e9 du Master 2\",\"breadcrumb\":{\"@id\":\"https:\/\/avocat-lbv.com\/en\/avocat\/#breadcrumb\"},\"inLanguage\":\"en-US\",\"potentialAction\":[{\"@type\":\"ReadAction\",\"target\":[\"https:\/\/avocat-lbv.com\/en\/avocat\/\"]}]},{\"@type\":\"ImageObject\",\"inLanguage\":\"en-US\",\"@id\":\"https:\/\/avocat-lbv.com\/en\/avocat\/#primaryimage\",\"url\":\"https:\/\/avocat-lbv.com\/wp-content\/uploads\/2019\/04\/avocat.jpg\",\"contentUrl\":\"https:\/\/avocat-lbv.com\/wp-content\/uploads\/2019\/04\/avocat.jpg\"},{\"@type\":\"BreadcrumbList\",\"@id\":\"https:\/\/avocat-lbv.com\/en\/avocat\/#breadcrumb\",\"itemListElement\":[{\"@type\":\"ListItem\",\"position\":1,\"name\":\"Accueil\",\"item\":\"https:\/\/avocat-lbv.com\/en\/cabinet-davocat\/\"},{\"@type\":\"ListItem\",\"position\":2,\"name\":\"Micka\u00ebl Le Borloch\"}]},{\"@type\":\"WebSite\",\"@id\":\"https:\/\/avocat-lbv.com\/#website\",\"url\":\"https:\/\/avocat-lbv.com\/\",\"name\":\"LBV Avocat\",\"description\":\"\",\"publisher\":{\"@id\":\"https:\/\/avocat-lbv.com\/#organization\"},\"potentialAction\":[{\"@type\":\"SearchAction\",\"target\":{\"@type\":\"EntryPoint\",\"urlTemplate\":\"https:\/\/avocat-lbv.com\/?s={search_term_string}\"},\"query-input\":{\"@type\":\"PropertyValueSpecification\",\"valueRequired\":true,\"valueName\":\"search_term_string\"}}],\"inLanguage\":\"en-US\"},{\"@type\":\"Organization\",\"@id\":\"https:\/\/avocat-lbv.com\/#organization\",\"name\":\"LBV Avocat\",\"url\":\"https:\/\/avocat-lbv.com\/\",\"logo\":{\"@type\":\"ImageObject\",\"inLanguage\":\"en-US\",\"@id\":\"https:\/\/avocat-lbv.com\/#\/schema\/logo\/image\/\",\"url\":\"https:\/\/avocat-lbv.com\/wp-content\/uploads\/2019\/04\/logo-blanc.svg\",\"contentUrl\":\"https:\/\/avocat-lbv.com\/wp-content\/uploads\/2019\/04\/logo-blanc.svg\",\"width\":227,\"height\":52,\"caption\":\"LBV Avocat\"},\"image\":{\"@id\":\"https:\/\/avocat-lbv.com\/#\/schema\/logo\/image\/\"},\"sameAs\":[\"https:\/\/www.facebook.com\/avocatLBV\/\",\"https:\/\/x.com\/CabinetLBV\"]}]}<\/script>\n<!-- \/ Yoast SEO plugin. -->","yoast_head_json":{"title":"Micka\u00ebl Le Borloch, avocat Barreau de Rouen & Docteur en droit\u00a0","description":"Apr\u00e8s avoir obtenu sa licence de droit \u00e0 l\u2019Universit\u00e9 La Sapienza \u00e0 Rome et sa licence d\u2019anglais en France, puis s\u2019\u00eatre dipl\u00f4m\u00e9 du Master 2","robots":{"index":"index","follow":"follow","max-snippet":"max-snippet:-1","max-image-preview":"max-image-preview:large","max-video-preview":"max-video-preview:-1"},"canonical":"https:\/\/avocat-lbv.com\/en\/avocat\/","og_locale":"en_US","og_type":"article","og_title":"Micka\u00ebl Le Borloch, avocat Barreau de Rouen & Docteur en droit\u00a0","og_description":"Apr\u00e8s avoir obtenu sa licence de droit \u00e0 l\u2019Universit\u00e9 La Sapienza \u00e0 Rome et sa licence d\u2019anglais en France, puis s\u2019\u00eatre dipl\u00f4m\u00e9 du Master 2","og_url":"https:\/\/avocat-lbv.com\/en\/avocat\/","og_site_name":"LBV Avocat","article_publisher":"https:\/\/www.facebook.com\/avocatLBV\/","article_modified_time":"2026-01-16T10:42:57+00:00","og_image":[{"url":"https:\/\/avocat-lbv.com\/wp-content\/uploads\/2019\/04\/avocat.jpg","type":"","width":"","height":""}],"twitter_card":"summary_large_image","twitter_site":"@CabinetLBV","twitter_misc":{"Est. reading time":"3 minutes"},"schema":{"@context":"https:\/\/schema.org","@graph":[{"@type":"WebPage","@id":"https:\/\/avocat-lbv.com\/en\/avocat\/","url":"https:\/\/avocat-lbv.com\/en\/avocat\/","name":"Micka\u00ebl Le Borloch, avocat Barreau de Rouen & Docteur en droit\u00a0","isPartOf":{"@id":"https:\/\/avocat-lbv.com\/#website"},"primaryImageOfPage":{"@id":"https:\/\/avocat-lbv.com\/en\/avocat\/#primaryimage"},"image":{"@id":"https:\/\/avocat-lbv.com\/en\/avocat\/#primaryimage"},"thumbnailUrl":"https:\/\/avocat-lbv.com\/wp-content\/uploads\/2019\/04\/avocat.jpg","datePublished":"2021-09-21T12:20:37+00:00","dateModified":"2026-01-16T10:42:57+00:00","description":"Apr\u00e8s avoir obtenu sa licence de droit \u00e0 l\u2019Universit\u00e9 La Sapienza \u00e0 Rome et sa licence d\u2019anglais en France, puis s\u2019\u00eatre dipl\u00f4m\u00e9 du Master 2","breadcrumb":{"@id":"https:\/\/avocat-lbv.com\/en\/avocat\/#breadcrumb"},"inLanguage":"en-US","potentialAction":[{"@type":"ReadAction","target":["https:\/\/avocat-lbv.com\/en\/avocat\/"]}]},{"@type":"ImageObject","inLanguage":"en-US","@id":"https:\/\/avocat-lbv.com\/en\/avocat\/#primaryimage","url":"https:\/\/avocat-lbv.com\/wp-content\/uploads\/2019\/04\/avocat.jpg","contentUrl":"https:\/\/avocat-lbv.com\/wp-content\/uploads\/2019\/04\/avocat.jpg"},{"@type":"BreadcrumbList","@id":"https:\/\/avocat-lbv.com\/en\/avocat\/#breadcrumb","itemListElement":[{"@type":"ListItem","position":1,"name":"Accueil","item":"https:\/\/avocat-lbv.com\/en\/cabinet-davocat\/"},{"@type":"ListItem","position":2,"name":"Micka\u00ebl Le Borloch"}]},{"@type":"WebSite","@id":"https:\/\/avocat-lbv.com\/#website","url":"https:\/\/avocat-lbv.com\/","name":"LBV Avocat","description":"","publisher":{"@id":"https:\/\/avocat-lbv.com\/#organization"},"potentialAction":[{"@type":"SearchAction","target":{"@type":"EntryPoint","urlTemplate":"https:\/\/avocat-lbv.com\/?s={search_term_string}"},"query-input":{"@type":"PropertyValueSpecification","valueRequired":true,"valueName":"search_term_string"}}],"inLanguage":"en-US"},{"@type":"Organization","@id":"https:\/\/avocat-lbv.com\/#organization","name":"LBV Avocat","url":"https:\/\/avocat-lbv.com\/","logo":{"@type":"ImageObject","inLanguage":"en-US","@id":"https:\/\/avocat-lbv.com\/#\/schema\/logo\/image\/","url":"https:\/\/avocat-lbv.com\/wp-content\/uploads\/2019\/04\/logo-blanc.svg","contentUrl":"https:\/\/avocat-lbv.com\/wp-content\/uploads\/2019\/04\/logo-blanc.svg","width":227,"height":52,"caption":"LBV Avocat"},"image":{"@id":"https:\/\/avocat-lbv.com\/#\/schema\/logo\/image\/"},"sameAs":["https:\/\/www.facebook.com\/avocatLBV\/","https:\/\/x.com\/CabinetLBV"]}]}},"featured_image_src":null,"featured_image_src_square":null,"_links":{"self":[{"href":"https:\/\/avocat-lbv.com\/en\/wp-json\/wp\/v2\/pages\/1544","targetHints":{"allow":["GET"]}}],"collection":[{"href":"https:\/\/avocat-lbv.com\/en\/wp-json\/wp\/v2\/pages"}],"about":[{"href":"https:\/\/avocat-lbv.com\/en\/wp-json\/wp\/v2\/types\/page"}],"author":[{"embeddable":true,"href":"https:\/\/avocat-lbv.com\/en\/wp-json\/wp\/v2\/users\/7"}],"replies":[{"embeddable":true,"href":"https:\/\/avocat-lbv.com\/en\/wp-json\/wp\/v2\/comments?post=1544"}],"version-history":[{"count":7,"href":"https:\/\/avocat-lbv.com\/en\/wp-json\/wp\/v2\/pages\/1544\/revisions"}],"predecessor-version":[{"id":14183,"href":"https:\/\/avocat-lbv.com\/en\/wp-json\/wp\/v2\/pages\/1544\/revisions\/14183"}],"wp:attachment":[{"href":"https:\/\/avocat-lbv.com\/en\/wp-json\/wp\/v2\/media?parent=1544"}],"curies":[{"name":"wp","href":"https:\/\/api.w.org\/{rel}","templated":true}]}}