{"id":1542,"date":"2021-09-21T14:15:14","date_gmt":"2021-09-21T12:15:14","guid":{"rendered":"https:\/\/avocat-lbv.com\/cabinet-davocat\/"},"modified":"2026-01-16T11:42:57","modified_gmt":"2026-01-16T10:42:57","slug":"cabinet-davocat","status":"publish","type":"page","link":"https:\/\/avocat-lbv.com\/en\/","title":{"rendered":"Law firm in commercial law, intellectual property and new technologies"},"content":{"rendered":"\n<div class=\"container-video-bg\">\n<video class=\"video-bg\" preload=\"auto\" loop=\"\" autoplay=\"\" muted=\"\" poster=\"https:\/\/avocat-lbv.com\/wp-content\/uploads\/2019\/04\/droit.jpg\" width=\"100%\" height=\"100%\"><source type=\"video\/mp4\" src=\"https:\/\/player.vimeo.com\/external\/332666606.hd.mp4?s=92810623af77f8f6ab2f2b87947925f8cac61219&amp;profile_id=175\"><\/video>\n<\/div>\n\n\n\n<div class=\"wp-block-genesis-blocks-gb-container header-video gb-block-container\"><div class=\"gb-container-inside\"><div class=\"gb-container-content\" style=\"max-width:1600px\">\n<h1 class=\"wp-block-heading\">Law firm serving creators, businesses, individuals, and their assets<\/h1>\n<\/div><\/div><\/div>\n\n\n\n<div class=\"wp-block-genesis-blocks-gb-container bg-grey gb-block-container\"><div class=\"gb-container-inside\"><div class=\"gb-container-content\" style=\"max-width:1600px\">\n<div class=\"wp-block-columns are-vertically-aligned-center has-2-columns is-layout-flex wp-container-core-columns-is-layout-9d6595d7 wp-block-columns-is-layout-flex\">\n<div class=\"wp-block-column is-vertically-aligned-center is-layout-flow wp-block-column-is-layout-flow\">\n<h2 class=\"wp-block-heading\">3 LAWYERS FOR 9 SKILLS<\/h2>\n\n\n\n<p>The firm is located in Rouen and Paris. We support you whether you are an individual or a professional. We can offer you the appropriate legal solution.<\/p>\n\n\n\n<p>Our firm is driven by strong humanistic values and teamwork.<\/p>\n\n\n\n<p>The firm believes that your interest may not necessarily lie in resorting to the court, but more often in amicable searches for solutions.<\/p>\n\n\n\n<p>The firm also aims to be creative and will seek the most suitable solution for your particular situation.<\/p>\n\n\n\n<p>Each lawyer offers three skills<\/p>\n<\/div>\n\n\n\n<div class=\"wp-block-column is-vertically-aligned-center is-layout-flow wp-block-column-is-layout-flow\">\n<figure class=\"wp-block-image size-large\"><img loading=\"lazy\" decoding=\"async\" width=\"1024\" height=\"681\" src=\"https:\/\/avocat-lbv.com\/wp-content\/uploads\/2023\/10\/lbv-avocats-equipe-1024x681.jpg\" alt=\"\" class=\"wp-image-4494\" srcset=\"https:\/\/avocat-lbv.com\/wp-content\/uploads\/2023\/10\/lbv-avocats-equipe-1024x681.jpg 1024w, https:\/\/avocat-lbv.com\/wp-content\/uploads\/2023\/10\/lbv-avocats-equipe-300x200.jpg 300w, https:\/\/avocat-lbv.com\/wp-content\/uploads\/2023\/10\/lbv-avocats-equipe-768x511.jpg 768w, https:\/\/avocat-lbv.com\/wp-content\/uploads\/2023\/10\/lbv-avocats-equipe-1536x1022.jpg 1536w, https:\/\/avocat-lbv.com\/wp-content\/uploads\/2023\/10\/lbv-avocats-equipe-600x400.jpg 600w, https:\/\/avocat-lbv.com\/wp-content\/uploads\/2023\/10\/lbv-avocats-equipe.jpg 2000w\" sizes=\"auto, (max-width: 1024px) 100vw, 1024px\" \/><\/figure>\n<\/div>\n<\/div>\n<\/div><\/div><\/div>\n\n\n\n<div class=\"wp-block-genesis-blocks-gb-container bg-opacity-blue gb-block-container\"><div class=\"gb-container-inside\"><div class=\"gb-container-content\" style=\"max-width:1600px\">\n<h2 class=\"wp-block-heading\">Micka\u00ebl LE BORLOCH<\/h2>\n\n\n\n<div class=\"wp-block-columns has-4-columns is-layout-flex wp-container-core-columns-is-layout-9d6595d7 wp-block-columns-is-layout-flex\">\n<div class=\"wp-block-column is-layout-flow wp-block-column-is-layout-flow\">\n<h3 class=\"wp-block-heading\">INTELLECTUAL PROPERTY<\/h3>\n\n\n\n<p class=\"has-text-align-center\">Copyright, trademarks, patents, etc&#8230; the firm assists you in the valorization and defense of your intellectual property rights.<\/p>\n<\/div>\n\n\n\n<div class=\"wp-block-column is-layout-flow wp-block-column-is-layout-flow\">\n<h3 class=\"wp-block-heading\">NEW TECHNOLOGIES LAW<\/h3>\n\n\n\n<p class=\"has-text-align-center\">Artificial intelligence law, internet law, metaverse, etc&#8230; you will be able to secure your new technology projects.<\/p>\n<\/div>\n\n\n\n<div class=\"wp-block-column is-layout-flow wp-block-column-is-layout-flow\">\n<h3 class=\"wp-block-heading\">BUSINESS LAW<\/h3>\n\n\n\n<p class=\"has-text-align-center\">Company incorporation, drafting of business contracts, terms and conditions, sale of business assets, etc&#8230; all the support you need for the success of your company.<\/p>\n<\/div>\n<\/div>\n<\/div><\/div><\/div>\n\n\n\n<div class=\"wp-block-genesis-blocks-gb-container bg-opacity-blue gb-block-container\"><div class=\"gb-container-inside\"><div class=\"gb-container-content\" style=\"max-width:1600px\">\n<h2 class=\"wp-block-heading has-text-align-left\">Marie YSCHARD<\/h2>\n\n\n\n<div class=\"wp-block-columns has-4-columns is-layout-flex wp-container-core-columns-is-layout-9d6595d7 wp-block-columns-is-layout-flex\">\n<div class=\"wp-block-column is-layout-flow wp-block-column-is-layout-flow\">\n<h3 class=\"wp-block-heading\">LABOR LAW<\/h3>\n\n\n\n<p class=\"has-text-align-center\">Handling employer-employee relations, both in advisory and litigation matters, the firm represents you before all Labor Courts in France.<\/p>\n<\/div>\n\n\n\n<div class=\"wp-block-column is-layout-flow wp-block-column-is-layout-flow\">\n<h3 class=\"wp-block-heading\">SOCIAL SECURITY LAW<\/h3>\n\n\n\n<p class=\"has-text-align-center\">Dealing with occupational illnesses or workplace accidents, disputes with the administration regarding social benefits, etc., the firm represents you and defends your rights.<\/p>\n<\/div>\n\n\n\n<div class=\"wp-block-column is-layout-flow wp-block-column-is-layout-flow\">\n<h3 class=\"wp-block-heading\">REAL ESTATE LAW<\/h3>\n\n\n\n<p class=\"has-text-align-center\">Providing advice and representation in real estate matters, including property sales, expert appraisals, landlord-tenant disputes, or disagreements with a homeowners&#8217; association.<\/p>\n<\/div>\n<\/div>\n<\/div><\/div><\/div>\n\n\n\n<div class=\"wp-block-genesis-blocks-gb-container bg-opacity-blue gb-block-container\"><div class=\"gb-container-inside\"><div class=\"gb-container-content\" style=\"max-width:1600px\">\n<h2 class=\"wp-block-heading has-text-align-left\">Adrienne DURAND<\/h2>\n\n\n\n<div class=\"wp-block-columns has-4-columns is-layout-flex wp-container-core-columns-is-layout-9d6595d7 wp-block-columns-is-layout-flex\">\n<div class=\"wp-block-column is-layout-flow wp-block-column-is-layout-flow\">\n<h3 class=\"wp-block-heading\">PUBLIC LAW<\/h3>\n\n\n\n<p class=\"has-text-align-center\">Public procurement law, civil service law&#8230; the firm helps you minimize litigation risks and assert your rights<\/p>\n<\/div>\n\n\n\n<div class=\"wp-block-column is-layout-flow wp-block-column-is-layout-flow\">\n<h3 class=\"wp-block-heading\">TAX LAW<\/h3>\n\n\n\n<p class=\"has-text-align-center\">Corporate and individual tax law, choice of the best tax option, tax litigation, etc&#8230; the firm assists you in the best tax strategy for the development of your business or as an individual<\/p>\n<\/div>\n\n\n\n<div class=\"wp-block-column is-layout-flow wp-block-column-is-layout-flow\">\n<h3 class=\"wp-block-heading\">FAMILY LAW<\/h3>\n\n\n\n<p class=\"has-text-align-center\">Mutual consent divorce, judicial divorce, separation, parental agreement, juvenile court&#8230; the firm offers you a strategy tailored to your situation<\/p>\n<\/div>\n<\/div>\n<\/div><\/div><\/div>\n\n\n\n<div class=\"wp-block-genesis-blocks-gb-container bg-grey-large gb-block-container\"><div class=\"gb-container-inside\"><div class=\"gb-container-content\" style=\"max-width:1600px\">\n<h2 class=\"wp-block-heading\">News<\/h2>\n\n\n<section class=\"gb-block-post-grid featuredpost aligncenter\"><div class=\"gb-post-grid-items is-list\"><article id=\"post-8360\" class=\"gb-post-grid-item hide-featured-image post-8360 post type-post status-publish format-standard has-post-thumbnail hentry category-public-law\"><div class=\"gb-block-post-grid-text\"><header class=\"gb-block-post-grid-header\"><h3 class=\"gb-block-post-grid-title\"><a href=\"https:\/\/avocat-lbv.com\/en\/criteria-for-awarding-public-contracts-and-the-green-criterion\/\" rel=\"bookmark\">Criteria for Awarding Public Contracts and the Green Criterion<\/a><\/h3><div class=\"gb-block-post-grid-byline\"><time datetime=\"2024-12-19T15:00:00+01:00\" class=\"gb-block-post-grid-date\" itemprop=\"datePublished\">19 December 2024<\/time><\/div><\/header><div class=\"gb-block-post-grid-excerpt\"><p>Les march\u00e9s publics en France sont attribu\u00e9s sur la base de crit\u00e8res objectifs, pr\u00e9cis et en lien avec l&#8217;objet du march\u00e9, d\u00e9finis par le Code de la commande publique et la jurisprudence. Ces crit\u00e8res incluent notamment\u00a0: le prix et les aspects qualitatifs, environnementaux ou sociaux.Le crit\u00e8re environnemental est d\u00e9sormais obligatoire dans les march\u00e9s publics depuis&hellip;<\/p>\n<p><a class=\"gb-block-post-grid-more-link gb-text-link\" href=\"https:\/\/avocat-lbv.com\/en\/criteria-for-awarding-public-contracts-and-the-green-criterion\/\" rel=\"bookmark\">Read More <span class=\"screen-reader-text\">Criteria for Awarding Public Contracts and the Green Criterion<\/span><\/a><\/p><\/div><\/div><\/article>\n<\/div><\/section><\/div><\/div><\/div>\n\n\n\n<div class=\"wp-block-genesis-blocks-gb-container image-post gb-block-container\"><div class=\"gb-container-inside\"><div class=\"gb-container-content\" style=\"max-width:1600px\"><section class=\"gb-block-post-grid featuredpost aligncenter\"><div class=\"gb-post-grid-items is-list\"><article id=\"post-8360\" class=\"gb-post-grid-item post-8360 post type-post status-publish format-standard has-post-thumbnail hentry category-public-law\"><div class=\"gb-block-post-grid-image\"><a href=\"https:\/\/avocat-lbv.com\/en\/criteria-for-awarding-public-contracts-and-the-green-criterion\/\" rel=\"bookmark\" aria-hidden=\"true\" tabindex=\"-1\"><img loading=\"lazy\" decoding=\"async\" width=\"437\" height=\"437\" src=\"https:\/\/avocat-lbv.com\/wp-content\/uploads\/2024\/12\/MP-critere-vert.webp\" class=\"attachment-full size-full\" alt=\"\" srcset=\"https:\/\/avocat-lbv.com\/wp-content\/uploads\/2024\/12\/MP-critere-vert.webp 437w, https:\/\/avocat-lbv.com\/wp-content\/uploads\/2024\/12\/MP-critere-vert-300x300.webp 300w, https:\/\/avocat-lbv.com\/wp-content\/uploads\/2024\/12\/MP-critere-vert-150x150.webp 150w\" sizes=\"auto, (max-width: 437px) 100vw, 437px\" \/><\/a><\/div><div class=\"gb-block-post-grid-text\"><header class=\"gb-block-post-grid-header\"><div class=\"gb-block-post-grid-byline\"><\/div><\/header><div class=\"gb-block-post-grid-excerpt\"><\/div><\/div><\/article>\n<\/div><\/section>\n\n\n<div style=\"height:100px\" aria-hidden=\"true\" class=\"wp-block-spacer\"><\/div>\n<\/div><\/div><\/div>\n","protected":false},"excerpt":{"rendered":"","protected":false},"author":7,"featured_media":0,"parent":0,"menu_order":0,"comment_status":"closed","ping_status":"closed","template":"","meta":{"footnotes":""},"class_list":["post-1542","page","type-page","status-publish","hentry"],"yoast_head":"<!-- This site is optimized with the Yoast SEO plugin v27.2 - https:\/\/yoast.com\/product\/yoast-seo-wordpress\/ -->\n<title>LBV Avocat - Propri\u00e9t\u00e9s intellectuelles et des nouvelles technologies<\/title>\n<meta name=\"description\" content=\"Droit de la propri\u00e9t\u00e9 intellectuelle, droits de l&#039;internet, droit des nouvelles technologies, droit des donn\u00e9es personnelles- RGPD\" \/>\n<meta name=\"robots\" content=\"index, follow, max-snippet:-1, max-image-preview:large, max-video-preview:-1\" \/>\n<link rel=\"canonical\" href=\"https:\/\/avocat-lbv.com\/en\/cabinet-davocat\/\" \/>\n<meta property=\"og:locale\" content=\"en_US\" \/>\n<meta property=\"og:type\" content=\"article\" \/>\n<meta property=\"og:title\" content=\"LBV Avocat - Propri\u00e9t\u00e9s intellectuelles et des nouvelles technologies\" \/>\n<meta property=\"og:description\" content=\"Droit de la propri\u00e9t\u00e9 intellectuelle, droits de l&#039;internet, droit des nouvelles technologies, droit des donn\u00e9es personnelles- RGPD\" \/>\n<meta property=\"og:url\" content=\"https:\/\/avocat-lbv.com\/en\/cabinet-davocat\/\" \/>\n<meta property=\"og:site_name\" content=\"LBV Avocat\" \/>\n<meta property=\"article:publisher\" content=\"https:\/\/www.facebook.com\/avocatLBV\/\" \/>\n<meta property=\"article:modified_time\" content=\"2026-01-16T10:42:57+00:00\" \/>\n<meta property=\"og:image\" content=\"https:\/\/avocat-lbv.com\/wp-content\/uploads\/2023\/10\/lbv-avocats-equipe.jpg\" \/>\n\t<meta property=\"og:image:width\" content=\"2000\" \/>\n\t<meta property=\"og:image:height\" content=\"1331\" \/>\n\t<meta property=\"og:image:type\" content=\"image\/jpeg\" \/>\n<meta name=\"twitter:card\" content=\"summary_large_image\" \/>\n<meta name=\"twitter:site\" content=\"@CabinetLBV\" \/>\n<meta name=\"twitter:label1\" content=\"Est. reading time\" \/>\n\t<meta name=\"twitter:data1\" content=\"2 minutes\" \/>\n<script type=\"application\/ld+json\" class=\"yoast-schema-graph\">{\"@context\":\"https:\/\/schema.org\",\"@graph\":[{\"@type\":\"WebPage\",\"@id\":\"https:\/\/avocat-lbv.com\/en\/cabinet-davocat\/\",\"url\":\"https:\/\/avocat-lbv.com\/en\/cabinet-davocat\/\",\"name\":\"LBV Avocat - Propri\u00e9t\u00e9s intellectuelles et des nouvelles technologies\",\"isPartOf\":{\"@id\":\"https:\/\/avocat-lbv.com\/#website\"},\"primaryImageOfPage\":{\"@id\":\"https:\/\/avocat-lbv.com\/en\/cabinet-davocat\/#primaryimage\"},\"image\":{\"@id\":\"https:\/\/avocat-lbv.com\/en\/cabinet-davocat\/#primaryimage\"},\"thumbnailUrl\":\"https:\/\/avocat-lbv.com\/wp-content\/uploads\/2023\/10\/lbv-avocats-equipe-1024x681.jpg\",\"datePublished\":\"2021-09-21T12:15:14+00:00\",\"dateModified\":\"2026-01-16T10:42:57+00:00\",\"description\":\"Droit de la propri\u00e9t\u00e9 intellectuelle, droits de l'internet, droit des nouvelles technologies, droit des donn\u00e9es personnelles- RGPD\",\"breadcrumb\":{\"@id\":\"https:\/\/avocat-lbv.com\/en\/cabinet-davocat\/#breadcrumb\"},\"inLanguage\":\"en-US\",\"potentialAction\":[{\"@type\":\"ReadAction\",\"target\":[\"https:\/\/avocat-lbv.com\/en\/cabinet-davocat\/\"]}]},{\"@type\":\"ImageObject\",\"inLanguage\":\"en-US\",\"@id\":\"https:\/\/avocat-lbv.com\/en\/cabinet-davocat\/#primaryimage\",\"url\":\"https:\/\/avocat-lbv.com\/wp-content\/uploads\/2023\/10\/lbv-avocats-equipe-1024x681.jpg\",\"contentUrl\":\"https:\/\/avocat-lbv.com\/wp-content\/uploads\/2023\/10\/lbv-avocats-equipe-1024x681.jpg\"},{\"@type\":\"BreadcrumbList\",\"@id\":\"https:\/\/avocat-lbv.com\/en\/cabinet-davocat\/#breadcrumb\",\"itemListElement\":[{\"@type\":\"ListItem\",\"position\":1,\"name\":\"Accueil\",\"item\":\"https:\/\/avocat-lbv.com\/en\/cabinet-davocat\/\"},{\"@type\":\"ListItem\",\"position\":2,\"name\":\"Law firm in commercial law, intellectual property and new technologies\"}]},{\"@type\":\"WebSite\",\"@id\":\"https:\/\/avocat-lbv.com\/#website\",\"url\":\"https:\/\/avocat-lbv.com\/\",\"name\":\"LBV Avocat\",\"description\":\"\",\"publisher\":{\"@id\":\"https:\/\/avocat-lbv.com\/#organization\"},\"potentialAction\":[{\"@type\":\"SearchAction\",\"target\":{\"@type\":\"EntryPoint\",\"urlTemplate\":\"https:\/\/avocat-lbv.com\/?s={search_term_string}\"},\"query-input\":{\"@type\":\"PropertyValueSpecification\",\"valueRequired\":true,\"valueName\":\"search_term_string\"}}],\"inLanguage\":\"en-US\"},{\"@type\":\"Organization\",\"@id\":\"https:\/\/avocat-lbv.com\/#organization\",\"name\":\"LBV Avocat\",\"url\":\"https:\/\/avocat-lbv.com\/\",\"logo\":{\"@type\":\"ImageObject\",\"inLanguage\":\"en-US\",\"@id\":\"https:\/\/avocat-lbv.com\/#\/schema\/logo\/image\/\",\"url\":\"https:\/\/avocat-lbv.com\/wp-content\/uploads\/2019\/04\/logo-blanc.svg\",\"contentUrl\":\"https:\/\/avocat-lbv.com\/wp-content\/uploads\/2019\/04\/logo-blanc.svg\",\"width\":227,\"height\":52,\"caption\":\"LBV Avocat\"},\"image\":{\"@id\":\"https:\/\/avocat-lbv.com\/#\/schema\/logo\/image\/\"},\"sameAs\":[\"https:\/\/www.facebook.com\/avocatLBV\/\",\"https:\/\/x.com\/CabinetLBV\"]}]}<\/script>\n<!-- \/ Yoast SEO plugin. -->","yoast_head_json":{"title":"LBV Avocat - Propri\u00e9t\u00e9s intellectuelles et des nouvelles technologies","description":"Droit de la propri\u00e9t\u00e9 intellectuelle, droits de l'internet, droit des nouvelles technologies, droit des donn\u00e9es personnelles- RGPD","robots":{"index":"index","follow":"follow","max-snippet":"max-snippet:-1","max-image-preview":"max-image-preview:large","max-video-preview":"max-video-preview:-1"},"canonical":"https:\/\/avocat-lbv.com\/en\/cabinet-davocat\/","og_locale":"en_US","og_type":"article","og_title":"LBV Avocat - Propri\u00e9t\u00e9s intellectuelles et des nouvelles technologies","og_description":"Droit de la propri\u00e9t\u00e9 intellectuelle, droits de l'internet, droit des nouvelles technologies, droit des donn\u00e9es personnelles- RGPD","og_url":"https:\/\/avocat-lbv.com\/en\/cabinet-davocat\/","og_site_name":"LBV Avocat","article_publisher":"https:\/\/www.facebook.com\/avocatLBV\/","article_modified_time":"2026-01-16T10:42:57+00:00","og_image":[{"width":2000,"height":1331,"url":"https:\/\/avocat-lbv.com\/wp-content\/uploads\/2023\/10\/lbv-avocats-equipe.jpg","type":"image\/jpeg"}],"twitter_card":"summary_large_image","twitter_site":"@CabinetLBV","twitter_misc":{"Est. reading time":"2 minutes"},"schema":{"@context":"https:\/\/schema.org","@graph":[{"@type":"WebPage","@id":"https:\/\/avocat-lbv.com\/en\/cabinet-davocat\/","url":"https:\/\/avocat-lbv.com\/en\/cabinet-davocat\/","name":"LBV Avocat - Propri\u00e9t\u00e9s intellectuelles et des nouvelles technologies","isPartOf":{"@id":"https:\/\/avocat-lbv.com\/#website"},"primaryImageOfPage":{"@id":"https:\/\/avocat-lbv.com\/en\/cabinet-davocat\/#primaryimage"},"image":{"@id":"https:\/\/avocat-lbv.com\/en\/cabinet-davocat\/#primaryimage"},"thumbnailUrl":"https:\/\/avocat-lbv.com\/wp-content\/uploads\/2023\/10\/lbv-avocats-equipe-1024x681.jpg","datePublished":"2021-09-21T12:15:14+00:00","dateModified":"2026-01-16T10:42:57+00:00","description":"Droit de la propri\u00e9t\u00e9 intellectuelle, droits de l'internet, droit des nouvelles technologies, droit des donn\u00e9es personnelles- RGPD","breadcrumb":{"@id":"https:\/\/avocat-lbv.com\/en\/cabinet-davocat\/#breadcrumb"},"inLanguage":"en-US","potentialAction":[{"@type":"ReadAction","target":["https:\/\/avocat-lbv.com\/en\/cabinet-davocat\/"]}]},{"@type":"ImageObject","inLanguage":"en-US","@id":"https:\/\/avocat-lbv.com\/en\/cabinet-davocat\/#primaryimage","url":"https:\/\/avocat-lbv.com\/wp-content\/uploads\/2023\/10\/lbv-avocats-equipe-1024x681.jpg","contentUrl":"https:\/\/avocat-lbv.com\/wp-content\/uploads\/2023\/10\/lbv-avocats-equipe-1024x681.jpg"},{"@type":"BreadcrumbList","@id":"https:\/\/avocat-lbv.com\/en\/cabinet-davocat\/#breadcrumb","itemListElement":[{"@type":"ListItem","position":1,"name":"Accueil","item":"https:\/\/avocat-lbv.com\/en\/cabinet-davocat\/"},{"@type":"ListItem","position":2,"name":"Law firm in commercial law, intellectual property and new technologies"}]},{"@type":"WebSite","@id":"https:\/\/avocat-lbv.com\/#website","url":"https:\/\/avocat-lbv.com\/","name":"LBV Avocat","description":"","publisher":{"@id":"https:\/\/avocat-lbv.com\/#organization"},"potentialAction":[{"@type":"SearchAction","target":{"@type":"EntryPoint","urlTemplate":"https:\/\/avocat-lbv.com\/?s={search_term_string}"},"query-input":{"@type":"PropertyValueSpecification","valueRequired":true,"valueName":"search_term_string"}}],"inLanguage":"en-US"},{"@type":"Organization","@id":"https:\/\/avocat-lbv.com\/#organization","name":"LBV Avocat","url":"https:\/\/avocat-lbv.com\/","logo":{"@type":"ImageObject","inLanguage":"en-US","@id":"https:\/\/avocat-lbv.com\/#\/schema\/logo\/image\/","url":"https:\/\/avocat-lbv.com\/wp-content\/uploads\/2019\/04\/logo-blanc.svg","contentUrl":"https:\/\/avocat-lbv.com\/wp-content\/uploads\/2019\/04\/logo-blanc.svg","width":227,"height":52,"caption":"LBV Avocat"},"image":{"@id":"https:\/\/avocat-lbv.com\/#\/schema\/logo\/image\/"},"sameAs":["https:\/\/www.facebook.com\/avocatLBV\/","https:\/\/x.com\/CabinetLBV"]}]}},"featured_image_src":null,"featured_image_src_square":null,"_links":{"self":[{"href":"https:\/\/avocat-lbv.com\/en\/wp-json\/wp\/v2\/pages\/1542","targetHints":{"allow":["GET"]}}],"collection":[{"href":"https:\/\/avocat-lbv.com\/en\/wp-json\/wp\/v2\/pages"}],"about":[{"href":"https:\/\/avocat-lbv.com\/en\/wp-json\/wp\/v2\/types\/page"}],"author":[{"embeddable":true,"href":"https:\/\/avocat-lbv.com\/en\/wp-json\/wp\/v2\/users\/7"}],"replies":[{"embeddable":true,"href":"https:\/\/avocat-lbv.com\/en\/wp-json\/wp\/v2\/comments?post=1542"}],"version-history":[{"count":16,"href":"https:\/\/avocat-lbv.com\/en\/wp-json\/wp\/v2\/pages\/1542\/revisions"}],"predecessor-version":[{"id":14182,"href":"https:\/\/avocat-lbv.com\/en\/wp-json\/wp\/v2\/pages\/1542\/revisions\/14182"}],"wp:attachment":[{"href":"https:\/\/avocat-lbv.com\/en\/wp-json\/wp\/v2\/media?parent=1542"}],"curies":[{"name":"wp","href":"https:\/\/api.w.org\/{rel}","templated":true}]}}